{"id":70,"date":"2026-01-28T10:44:46","date_gmt":"2026-01-28T10:44:46","guid":{"rendered":"https:\/\/toutsurlesaola.fr\/?page_id=70"},"modified":"2026-02-19T15:29:11","modified_gmt":"2026-02-19T15:29:11","slug":"cycle-de-vie-du-saola","status":"publish","type":"page","link":"https:\/\/toutsurlesaola.fr\/index.php\/le-saola\/cycle-de-vie-du-saola\/","title":{"rendered":"Cycle de vie du Saola:"},"content":{"rendered":"\n<p><strong><mark style=\"background-color:rgba(0, 0, 0, 0);color:#000000\" class=\"has-inline-color\">Le cycle de vie du Saola : un animal rare au bord de l\u2019extinction<\/mark><\/strong><\/p>\n\n\n\n<figure class=\"wp-block-image size-large is-resized\"><img loading=\"lazy\" decoding=\"async\" width=\"1024\" height=\"538\" src=\"https:\/\/toutsurlesaola.fr\/wp-content\/uploads\/2026\/02\/saola-1024x538.webp\" alt=\"\" class=\"wp-image-136\" style=\"aspect-ratio:1.9033669732964187;width:335px;height:auto\" srcset=\"https:\/\/toutsurlesaola.fr\/wp-content\/uploads\/2026\/02\/saola-1024x538.webp 1024w, https:\/\/toutsurlesaola.fr\/wp-content\/uploads\/2026\/02\/saola-300x158.webp 300w, https:\/\/toutsurlesaola.fr\/wp-content\/uploads\/2026\/02\/saola-768x403.webp 768w, https:\/\/toutsurlesaola.fr\/wp-content\/uploads\/2026\/02\/saola.webp 1200w\" sizes=\"auto, (max-width: 1024px) 100vw, 1024px\" \/><\/figure>\n\n\n\n<p><mark style=\"background-color:rgba(0, 0, 0, 0);color:#000000\" class=\"has-inline-color\">Le Saola (<em>Pseudoryx nghetinhensis<\/em>), surnomm\u00e9 la \u00ab licorne d\u2019Asie \u00bb, est l\u2019un des mammif\u00e8res les plus rares de la plan\u00e8te. D\u00e9couvert en 1992 dans les montagnes des Annamites, entre le Laos et le Vietnam, cet animal reste encore aujourd\u2019hui extr\u00eamement myst\u00e9rieux. Tr\u00e8s peu observ\u00e9 dans la nature, son cycle de vie est difficile \u00e0 \u00e9tudier, mais les scientifiques ont pu en identifier les principales \u00e9tapes.<\/mark><\/p>\n\n\n\n<h2 class=\"wp-block-heading has-regular-font-size\">Une reproduction lente et saisonni\u00e8re<\/h2>\n\n\n\n<p><mark style=\"background-color:rgba(0, 0, 0, 0);color:#000000\" class=\"has-inline-color\">Le Saola poss\u00e8de un rythme de reproduction lent, ce qui rend son renouvellement naturel particuli\u00e8rement fragile.<\/mark><\/p>\n\n\n\n<ul class=\"wp-block-list\">\n<li><mark style=\"background-color:rgba(0, 0, 0, 0);color:#000000\" class=\"has-inline-color\">La p\u00e9riode de reproduction aurait lieu <strong>entre la fin de l\u2019\u00e9t\u00e9 et l\u2019automne<\/strong><\/mark><\/li>\n\n\n\n<li><mark style=\"background-color:rgba(0, 0, 0, 0);color:#000000\" class=\"has-inline-color\">La gestation dure environ <strong>8 mois<\/strong><\/mark><\/li>\n\n\n\n<li><mark style=\"background-color:rgba(0, 0, 0, 0);color:#000000\" class=\"has-inline-color\">Les naissances se produisent g\u00e9n\u00e9ralement <strong>au printemps<\/strong><\/mark><\/li>\n<\/ul>\n\n\n\n<p><mark style=\"background-color:rgba(0, 0, 0, 0);color:#000000\" class=\"has-inline-color\">La femelle donne naissance \u00e0 un seul petit, ce qui limite fortement la croissance de la population.<\/mark><\/p>\n\n\n\n<p class=\"has-regular-font-size\"><strong><mark style=\"background-color:rgba(0, 0, 0, 0);color:#000000\" class=\"has-inline-color\">La naissance et les premiers mois<\/mark><\/strong><\/p>\n\n\n\n<p><mark style=\"background-color:rgba(0, 0, 0, 0);color:#000000\" class=\"has-inline-color\">\u00c0 la naissance, le jeune Saola est d\u00e9j\u00e0 capable de se tenir debout rapidement, un avantage essentiel pour survivre dans la for\u00eat dense.<\/mark><\/p>\n\n\n\n<p><mark style=\"background-color:rgba(0, 0, 0, 0);color:#000000\" class=\"has-inline-color\">Durant ses premiers mois :<\/mark><\/p>\n\n\n\n<ul class=\"wp-block-list\">\n<li><mark style=\"background-color:rgba(0, 0, 0, 0);color:#000000\" class=\"has-inline-color\">il se nourrit exclusivement de <strong>lait maternel<\/strong><\/mark><\/li>\n\n\n\n<li><mark style=\"background-color:rgba(0, 0, 0, 0);color:#000000\" class=\"has-inline-color\">il reste cach\u00e9 dans la v\u00e9g\u00e9tation pour \u00e9viter les pr\u00e9dateurs<\/mark><\/li>\n\n\n\n<li><mark style=\"background-color:rgba(0, 0, 0, 0);color:#000000\" class=\"has-inline-color\">il apprend progressivement \u00e0 consommer des <strong>feuilles et des jeunes pousses<\/strong><\/mark><\/li>\n<\/ul>\n\n\n\n<p><mark style=\"background-color:rgba(0, 0, 0, 0);color:#000000\" class=\"has-inline-color\">Ses cornes commencent \u00e0 appara\u00eetre tr\u00e8s t\u00f4t, chez les m\u00e2les comme chez les femelles.<\/mark><\/p>\n\n\n\n<h2 class=\"wp-block-heading has-regular-font-size\">La croissance et le mode de vie<\/h2>\n\n\n\n<p class=\"has-black-color has-text-color has-link-color wp-elements-398b03dc3f08552c5cd4acd34cbe27c2\">Le Saola est un animal <strong>solitaire et discret<\/strong>. Contrairement \u00e0 de nombreux bovid\u00e9s, il ne vit pas en troupeaux.<\/p>\n\n\n\n<p class=\"has-black-color has-text-color has-link-color wp-elements-a44d9e8eda738fd3d1f07b4c7e3d76a0\">Ce mode de vie influence son cycle de vie :<\/p>\n\n\n\n<ul class=\"wp-block-list\">\n<li class=\"has-black-color has-text-color has-link-color wp-elements-7b4c627b6ab74e3413c3069aa37d1eb4\">les rencontres entre individus sont rares<\/li>\n\n\n\n<li class=\"has-black-color has-text-color has-link-color wp-elements-38366b363669ec55d6333e1419a90d36\">la reproduction est peu fr\u00e9quente<\/li>\n\n\n\n<li class=\"has-black-color has-text-color has-link-color wp-elements-8c146f58951aa12de0428856f3c5e99d\">les jeunes deviennent ind\u00e9pendants assez t\u00f4t<\/li>\n<\/ul>\n\n\n\n<p class=\"has-black-color has-text-color has-link-color wp-elements-d042a42ea34205dab8b0f5984e293482\">Il est principalement <strong>actif \u00e0 l\u2019aube et au cr\u00e9puscule<\/strong> et se nourrit de v\u00e9g\u00e9tation foresti\u00e8re : feuilles, plantes herbac\u00e9es et jeunes tiges.<\/p>\n\n\n\n<p><mark style=\"background-color:rgba(0, 0, 0, 0);color:#000000\" class=\"has-inline-color\"><strong>L\u2019\u00e2ge adulte<\/strong><\/mark><\/p>\n\n\n\n<p><mark style=\"background-color:rgba(0, 0, 0, 0);color:#000000\" class=\"has-inline-color\">\u00c0 l\u2019\u00e2ge adulte, le Saola mesure environ <strong>85 \u00e0 90 cm au garrot<\/strong> et peut peser jusqu\u2019\u00e0 <strong>100 kg<\/strong>.<\/mark><\/p>\n\n\n\n<p><mark style=\"background-color:rgba(0, 0, 0, 0);color:#000000\" class=\"has-inline-color\">Ses caract\u00e9ristiques principales :<\/mark><\/p>\n\n\n\n<ul class=\"wp-block-list\">\n<li><mark style=\"background-color:rgba(0, 0, 0, 0);color:#000000\" class=\"has-inline-color\">deux longues cornes droites et parall\u00e8les pouvant atteindre <strong>50 cm<\/strong><\/mark><\/li>\n\n\n\n<li><mark style=\"background-color:rgba(0, 0, 0, 0);color:#000000\" class=\"has-inline-color\">un pelage brun sombre<\/mark><\/li>\n\n\n\n<li><mark style=\"background-color:rgba(0, 0, 0, 0);color:#000000\" class=\"has-inline-color\">des marques blanches distinctives sur le visage<\/mark><\/li>\n<\/ul>\n\n\n\n<p><mark style=\"background-color:rgba(0, 0, 0, 0);color:#000000\" class=\"has-inline-color\">Il vit dans des <strong>for\u00eats humides et isol\u00e9es<\/strong>, souvent pr\u00e8s des rivi\u00e8res de montagne.<\/mark><\/p>\n\n\n\n<h2 class=\"wp-block-heading has-regular-font-size\">Une esp\u00e9rance de vie encore inconnue<\/h2>\n\n\n\n<p><mark style=\"background-color:rgba(0, 0, 0, 0);color:#000000\" class=\"has-inline-color\">L\u2019esp\u00e9rance de vie du Saola dans la nature n\u2019est pas connue avec pr\u00e9cision. Les scientifiques estiment qu\u2019elle pourrait atteindre <strong>8 \u00e0 12 ans<\/strong>, en se basant sur des esp\u00e8ces proches.<\/mark><\/p>\n\n\n\n<p><mark style=\"background-color:rgba(0, 0, 0, 0);color:#000000\" class=\"has-inline-color\">Aucun individu n\u2019a surv\u00e9cu longtemps en captivit\u00e9, ce qui complique l\u2019\u00e9tude de son cycle de vie complet.<\/mark><\/p>\n\n\n\n<div class=\"wp-block-columns is-layout-flex wp-container-core-columns-is-layout-28f84493 wp-block-columns-is-layout-flex\">\n<div class=\"wp-block-column is-layout-flow wp-block-column-is-layout-flow\" style=\"flex-basis:100%\">\n<h2 class=\"wp-block-heading has-regular-font-size\">Les menaces qui p\u00e8sent sur son cycle de vie<\/h2>\n<\/div>\n<\/div>\n\n\n\n<div class=\"wp-block-columns is-layout-flex wp-container-core-columns-is-layout-28f84493 wp-block-columns-is-layout-flex\">\n<div class=\"wp-block-column is-layout-flow wp-block-column-is-layout-flow\">\n<div class=\"wp-block-columns is-layout-flex wp-container-core-columns-is-layout-28f84493 wp-block-columns-is-layout-flex\">\n<div class=\"wp-block-column is-layout-flow wp-block-column-is-layout-flow\">\n<figure class=\"wp-block-image aligncenter size-full is-resized\"><img loading=\"lazy\" decoding=\"async\" width=\"380\" height=\"252\" src=\"https:\/\/toutsurlesaola.fr\/wp-content\/uploads\/2026\/02\/AP-2.jpg\" alt=\"\" class=\"wp-image-172\" style=\"aspect-ratio:1.50795302512264;width:312px;height:auto\" srcset=\"https:\/\/toutsurlesaola.fr\/wp-content\/uploads\/2026\/02\/AP-2.jpg 380w, https:\/\/toutsurlesaola.fr\/wp-content\/uploads\/2026\/02\/AP-2-300x199.jpg 300w\" sizes=\"auto, (max-width: 380px) 100vw, 380px\" \/><\/figure>\n<\/div>\n<\/div>\n<\/div>\n\n\n\n<div class=\"wp-block-column is-layout-flow wp-block-column-is-layout-flow\">\n<figure class=\"wp-block-image size-large is-resized\"><img decoding=\"async\" src=\"https:\/\/mediasvc.eurekalert.org\/Api\/v1\/Multimedia\/fe58590b-d6b2-4d9a-9840-c0d78a98a1dd\/Rendition\/low-res\/Content\/Public\" alt=\"\" style=\"aspect-ratio:1.3485674107927579;width:286px;height:auto\"\/><\/figure>\n<\/div>\n<\/div>\n\n\n\n<p><mark style=\"background-color:rgba(0, 0, 0, 0);color:#000000\" class=\"has-inline-color\">Le cycle de vie du Saola est aujourd\u2019hui gravement perturb\u00e9 par les activit\u00e9s humaines.<\/mark><\/p>\n\n\n\n<h3 class=\"wp-block-heading has-text-align-left\">Le braconnage indirect<\/h3>\n\n\n\n<p><mark style=\"background-color:rgba(0, 0, 0, 0);color:#000000\" class=\"has-inline-color\">Le Saola est souvent captur\u00e9 accidentellement dans des <strong>pi\u00e8ges destin\u00e9s \u00e0 d\u2019autres animaux<\/strong>.<\/mark><\/p>\n\n\n\n<h3 class=\"wp-block-heading\">La destruction de son habitat<\/h3>\n\n\n\n<p><mark style=\"background-color:rgba(0, 0, 0, 0);color:#000000\" class=\"has-inline-color\">La d\u00e9forestation et la fragmentation des for\u00eats r\u00e9duisent les zones o\u00f9 il peut vivre et se reproduire.<\/mark><\/p>\n\n\n\n<h3 class=\"wp-block-heading\">Une reproduction lente<\/h3>\n\n\n\n<p><mark style=\"background-color:rgba(0, 0, 0, 0);color:#000000\" class=\"has-inline-color\">Avec un seul petit par naissance, la population se renouvelle tr\u00e8s difficilement.<\/mark><\/p>\n\n\n\n<p><mark style=\"background-color:rgba(0, 0, 0, 0);color:#000000\" class=\"has-inline-color\">Le Saola est aujourd\u2019hui class\u00e9 <strong>en danger critique d\u2019extinction<\/strong>.<\/mark><\/p>\n\n\n\n<h2 class=\"wp-block-heading has-regular-font-size\">Les efforts de conservation<\/h2>\n\n\n\n<p><mark style=\"background-color:rgba(0, 0, 0, 0);color:#000000\" class=\"has-inline-color\">Plusieurs programmes de protection sont en place dans les montagnes des Annamites :<\/mark><\/p>\n\n\n\n<ul class=\"wp-block-list\">\n<li><mark style=\"background-color:rgba(0, 0, 0, 0);color:#000000\" class=\"has-inline-color\">retrait des pi\u00e8ges de braconnage<\/mark><\/li>\n\n\n\n<li><mark style=\"background-color:rgba(0, 0, 0, 0);color:#000000\" class=\"has-inline-color\">protection des for\u00eats naturelles<\/mark><\/li>\n\n\n\n<li><mark style=\"background-color:rgba(0, 0, 0, 0);color:#000000\" class=\"has-inline-color\">surveillance par des \u00e9quipes sp\u00e9cialis\u00e9es<\/mark><\/li>\n\n\n\n<li><mark style=\"background-color:rgba(0, 0, 0, 0);color:#000000\" class=\"has-inline-color\">recherches scientifiques pour mieux comprendre l\u2019esp\u00e8ce<\/mark><\/li>\n<\/ul>\n\n\n\n<p><mark style=\"background-color:rgba(0, 0, 0, 0);color:#000000\" class=\"has-inline-color\">Chaque information sur son cycle de vie est essentielle pour mettre en place des actions efficaces.<\/mark><\/p>\n\n\n\n<h2 class=\"wp-block-heading has-regular-font-size\">Conclusion<\/h2>\n\n\n\n<p><mark style=\"background-color:rgba(0, 0, 0, 0);color:#000000\" class=\"has-inline-color\">Le cycle de vie du Saola est celui d\u2019un animal discret, lent \u00e0 se reproduire et parfaitement adapt\u00e9 aux for\u00eats tropicales d\u2019Asie du Sud-Est. Cependant, la pression humaine menace aujourd\u2019hui chacune des \u00e9tapes de sa vie.<\/mark><\/p>\n\n\n\n<p><mark style=\"background-color:rgba(0, 0, 0, 0);color:#000000\" class=\"has-inline-color\">Prot\u00e9ger son habitat, lutter contre le braconnage et am\u00e9liorer les connaissances scientifiques sont indispensables pour \u00e9viter la disparition de cette esp\u00e8ce unique.<\/mark><\/p>\n\n\n\n<p><\/p>\n","protected":false},"excerpt":{"rendered":"<p>Le cycle de vie du Saola : un animal rare au bord de l\u2019extinction Le Saola (Pseudoryx nghetinhensis), surnomm\u00e9 la \u00ab licorne d\u2019Asie \u00bb, est l\u2019un des mammif\u00e8res les plus rares de la plan\u00e8te. D\u00e9couvert en 1992 dans les montagnes des Annamites, entre le Laos et le Vietnam, cet animal reste encore aujourd\u2019hui extr\u00eamement myst\u00e9rieux. [&hellip;]<\/p>\n","protected":false},"author":5,"featured_media":9,"parent":32,"menu_order":4,"comment_status":"closed","ping_status":"closed","template":"","meta":{"_monsterinsights_skip_tracking":false,"_monsterinsights_sitenote_active":false,"_monsterinsights_sitenote_note":"","_monsterinsights_sitenote_category":0,"footnotes":""},"class_list":["post-70","page","type-page","status-publish","has-post-thumbnail","hentry"],"yoast_head":"<!-- This site is optimized with the Yoast SEO plugin v27.2 - https:\/\/yoast.com\/product\/yoast-seo-wordpress\/ -->\n<title>Cycle de vie du Saola: - TOUT SUR LE SAOLA<\/title>\n<meta name=\"robots\" content=\"index, follow, max-snippet:-1, max-image-preview:large, max-video-preview:-1\" \/>\n<link rel=\"canonical\" href=\"https:\/\/toutsurlesaola.fr\/index.php\/le-saola\/cycle-de-vie-du-saola\/\" \/>\n<meta property=\"og:locale\" content=\"en_US\" \/>\n<meta property=\"og:type\" content=\"article\" \/>\n<meta property=\"og:title\" content=\"Cycle de vie du Saola: - TOUT SUR LE SAOLA\" \/>\n<meta property=\"og:description\" content=\"Le cycle de vie du Saola : un animal rare au bord de l\u2019extinction Le Saola (Pseudoryx nghetinhensis), surnomm\u00e9 la \u00ab licorne d\u2019Asie \u00bb, est l\u2019un des mammif\u00e8res les plus rares de la plan\u00e8te. D\u00e9couvert en 1992 dans les montagnes des Annamites, entre le Laos et le Vietnam, cet animal reste encore aujourd\u2019hui extr\u00eamement myst\u00e9rieux. [&hellip;]\" \/>\n<meta property=\"og:url\" content=\"https:\/\/toutsurlesaola.fr\/index.php\/le-saola\/cycle-de-vie-du-saola\/\" \/>\n<meta property=\"og:site_name\" content=\"TOUT SUR LE SAOLA\" \/>\n<meta property=\"article:modified_time\" content=\"2026-02-19T15:29:11+00:00\" \/>\n<meta property=\"og:image\" content=\"https:\/\/toutsurlesaola.fr\/wp-content\/uploads\/2026\/01\/Saola_29.webp\" \/>\n\t<meta property=\"og:image:width\" content=\"1920\" \/>\n\t<meta property=\"og:image:height\" content=\"1080\" \/>\n\t<meta property=\"og:image:type\" content=\"image\/webp\" \/>\n<meta name=\"twitter:card\" content=\"summary_large_image\" \/>\n<meta name=\"twitter:label1\" content=\"Est. reading time\" \/>\n\t<meta name=\"twitter:data1\" content=\"4 minutes\" \/>\n<script type=\"application\/ld+json\" class=\"yoast-schema-graph\">{\"@context\":\"https:\/\/schema.org\",\"@graph\":[{\"@type\":\"WebPage\",\"@id\":\"https:\/\/toutsurlesaola.fr\/index.php\/le-saola\/cycle-de-vie-du-saola\/\",\"url\":\"https:\/\/toutsurlesaola.fr\/index.php\/le-saola\/cycle-de-vie-du-saola\/\",\"name\":\"Cycle de vie du Saola: - TOUT SUR LE SAOLA\",\"isPartOf\":{\"@id\":\"http:\/\/toutsurlesaola.fr\/#website\"},\"primaryImageOfPage\":{\"@id\":\"https:\/\/toutsurlesaola.fr\/index.php\/le-saola\/cycle-de-vie-du-saola\/#primaryimage\"},\"image\":{\"@id\":\"https:\/\/toutsurlesaola.fr\/index.php\/le-saola\/cycle-de-vie-du-saola\/#primaryimage\"},\"thumbnailUrl\":\"https:\/\/toutsurlesaola.fr\/wp-content\/uploads\/2026\/01\/Saola_29.webp\",\"datePublished\":\"2026-01-28T10:44:46+00:00\",\"dateModified\":\"2026-02-19T15:29:11+00:00\",\"breadcrumb\":{\"@id\":\"https:\/\/toutsurlesaola.fr\/index.php\/le-saola\/cycle-de-vie-du-saola\/#breadcrumb\"},\"inLanguage\":\"en-US\",\"potentialAction\":[{\"@type\":\"ReadAction\",\"target\":[\"https:\/\/toutsurlesaola.fr\/index.php\/le-saola\/cycle-de-vie-du-saola\/\"]}]},{\"@type\":\"ImageObject\",\"inLanguage\":\"en-US\",\"@id\":\"https:\/\/toutsurlesaola.fr\/index.php\/le-saola\/cycle-de-vie-du-saola\/#primaryimage\",\"url\":\"https:\/\/toutsurlesaola.fr\/wp-content\/uploads\/2026\/01\/Saola_29.webp\",\"contentUrl\":\"https:\/\/toutsurlesaola.fr\/wp-content\/uploads\/2026\/01\/Saola_29.webp\",\"width\":1920,\"height\":1080},{\"@type\":\"BreadcrumbList\",\"@id\":\"https:\/\/toutsurlesaola.fr\/index.php\/le-saola\/cycle-de-vie-du-saola\/#breadcrumb\",\"itemListElement\":[{\"@type\":\"ListItem\",\"position\":1,\"name\":\"Home\",\"item\":\"http:\/\/toutsurlesaola.fr\/\"},{\"@type\":\"ListItem\",\"position\":2,\"name\":\"Le Saola\",\"item\":\"https:\/\/toutsurlesaola.fr\/index.php\/le-saola\/\"},{\"@type\":\"ListItem\",\"position\":3,\"name\":\"Cycle de vie du Saola:\"}]},{\"@type\":\"WebSite\",\"@id\":\"http:\/\/toutsurlesaola.fr\/#website\",\"url\":\"http:\/\/toutsurlesaola.fr\/\",\"name\":\"TOUT SUR LE SAOLA\",\"description\":\"\",\"publisher\":{\"@id\":\"http:\/\/toutsurlesaola.fr\/#organization\"},\"potentialAction\":[{\"@type\":\"SearchAction\",\"target\":{\"@type\":\"EntryPoint\",\"urlTemplate\":\"http:\/\/toutsurlesaola.fr\/?s={search_term_string}\"},\"query-input\":{\"@type\":\"PropertyValueSpecification\",\"valueRequired\":true,\"valueName\":\"search_term_string\"}}],\"inLanguage\":\"en-US\"},{\"@type\":\"Organization\",\"@id\":\"http:\/\/toutsurlesaola.fr\/#organization\",\"name\":\"D\u00e9couvre le mode de reproduction des saolas\",\"url\":\"http:\/\/toutsurlesaola.fr\/\",\"logo\":{\"@type\":\"ImageObject\",\"inLanguage\":\"en-US\",\"@id\":\"http:\/\/toutsurlesaola.fr\/#\/schema\/logo\/image\/\",\"url\":\"https:\/\/toutsurlesaola.fr\/wp-content\/uploads\/2026\/01\/Designer-1.png\",\"contentUrl\":\"https:\/\/toutsurlesaola.fr\/wp-content\/uploads\/2026\/01\/Designer-1.png\",\"width\":1024,\"height\":1024,\"caption\":\"D\u00e9couvre le mode de reproduction des saolas\"},\"image\":{\"@id\":\"http:\/\/toutsurlesaola.fr\/#\/schema\/logo\/image\/\"}}]}<\/script>\n<!-- \/ Yoast SEO plugin. -->","yoast_head_json":{"title":"Cycle de vie du Saola: - TOUT SUR LE SAOLA","robots":{"index":"index","follow":"follow","max-snippet":"max-snippet:-1","max-image-preview":"max-image-preview:large","max-video-preview":"max-video-preview:-1"},"canonical":"https:\/\/toutsurlesaola.fr\/index.php\/le-saola\/cycle-de-vie-du-saola\/","og_locale":"en_US","og_type":"article","og_title":"Cycle de vie du Saola: - TOUT SUR LE SAOLA","og_description":"Le cycle de vie du Saola : un animal rare au bord de l\u2019extinction Le Saola (Pseudoryx nghetinhensis), surnomm\u00e9 la \u00ab licorne d\u2019Asie \u00bb, est l\u2019un des mammif\u00e8res les plus rares de la plan\u00e8te. D\u00e9couvert en 1992 dans les montagnes des Annamites, entre le Laos et le Vietnam, cet animal reste encore aujourd\u2019hui extr\u00eamement myst\u00e9rieux. [&hellip;]","og_url":"https:\/\/toutsurlesaola.fr\/index.php\/le-saola\/cycle-de-vie-du-saola\/","og_site_name":"TOUT SUR LE SAOLA","article_modified_time":"2026-02-19T15:29:11+00:00","og_image":[{"width":1920,"height":1080,"url":"https:\/\/toutsurlesaola.fr\/wp-content\/uploads\/2026\/01\/Saola_29.webp","type":"image\/webp"}],"twitter_card":"summary_large_image","twitter_misc":{"Est. reading time":"4 minutes"},"schema":{"@context":"https:\/\/schema.org","@graph":[{"@type":"WebPage","@id":"https:\/\/toutsurlesaola.fr\/index.php\/le-saola\/cycle-de-vie-du-saola\/","url":"https:\/\/toutsurlesaola.fr\/index.php\/le-saola\/cycle-de-vie-du-saola\/","name":"Cycle de vie du Saola: - TOUT SUR LE SAOLA","isPartOf":{"@id":"http:\/\/toutsurlesaola.fr\/#website"},"primaryImageOfPage":{"@id":"https:\/\/toutsurlesaola.fr\/index.php\/le-saola\/cycle-de-vie-du-saola\/#primaryimage"},"image":{"@id":"https:\/\/toutsurlesaola.fr\/index.php\/le-saola\/cycle-de-vie-du-saola\/#primaryimage"},"thumbnailUrl":"https:\/\/toutsurlesaola.fr\/wp-content\/uploads\/2026\/01\/Saola_29.webp","datePublished":"2026-01-28T10:44:46+00:00","dateModified":"2026-02-19T15:29:11+00:00","breadcrumb":{"@id":"https:\/\/toutsurlesaola.fr\/index.php\/le-saola\/cycle-de-vie-du-saola\/#breadcrumb"},"inLanguage":"en-US","potentialAction":[{"@type":"ReadAction","target":["https:\/\/toutsurlesaola.fr\/index.php\/le-saola\/cycle-de-vie-du-saola\/"]}]},{"@type":"ImageObject","inLanguage":"en-US","@id":"https:\/\/toutsurlesaola.fr\/index.php\/le-saola\/cycle-de-vie-du-saola\/#primaryimage","url":"https:\/\/toutsurlesaola.fr\/wp-content\/uploads\/2026\/01\/Saola_29.webp","contentUrl":"https:\/\/toutsurlesaola.fr\/wp-content\/uploads\/2026\/01\/Saola_29.webp","width":1920,"height":1080},{"@type":"BreadcrumbList","@id":"https:\/\/toutsurlesaola.fr\/index.php\/le-saola\/cycle-de-vie-du-saola\/#breadcrumb","itemListElement":[{"@type":"ListItem","position":1,"name":"Home","item":"http:\/\/toutsurlesaola.fr\/"},{"@type":"ListItem","position":2,"name":"Le Saola","item":"https:\/\/toutsurlesaola.fr\/index.php\/le-saola\/"},{"@type":"ListItem","position":3,"name":"Cycle de vie du Saola:"}]},{"@type":"WebSite","@id":"http:\/\/toutsurlesaola.fr\/#website","url":"http:\/\/toutsurlesaola.fr\/","name":"TOUT SUR LE SAOLA","description":"","publisher":{"@id":"http:\/\/toutsurlesaola.fr\/#organization"},"potentialAction":[{"@type":"SearchAction","target":{"@type":"EntryPoint","urlTemplate":"http:\/\/toutsurlesaola.fr\/?s={search_term_string}"},"query-input":{"@type":"PropertyValueSpecification","valueRequired":true,"valueName":"search_term_string"}}],"inLanguage":"en-US"},{"@type":"Organization","@id":"http:\/\/toutsurlesaola.fr\/#organization","name":"D\u00e9couvre le mode de reproduction des saolas","url":"http:\/\/toutsurlesaola.fr\/","logo":{"@type":"ImageObject","inLanguage":"en-US","@id":"http:\/\/toutsurlesaola.fr\/#\/schema\/logo\/image\/","url":"https:\/\/toutsurlesaola.fr\/wp-content\/uploads\/2026\/01\/Designer-1.png","contentUrl":"https:\/\/toutsurlesaola.fr\/wp-content\/uploads\/2026\/01\/Designer-1.png","width":1024,"height":1024,"caption":"D\u00e9couvre le mode de reproduction des saolas"},"image":{"@id":"http:\/\/toutsurlesaola.fr\/#\/schema\/logo\/image\/"}}]}},"_links":{"self":[{"href":"https:\/\/toutsurlesaola.fr\/index.php\/wp-json\/wp\/v2\/pages\/70","targetHints":{"allow":["GET"]}}],"collection":[{"href":"https:\/\/toutsurlesaola.fr\/index.php\/wp-json\/wp\/v2\/pages"}],"about":[{"href":"https:\/\/toutsurlesaola.fr\/index.php\/wp-json\/wp\/v2\/types\/page"}],"author":[{"embeddable":true,"href":"https:\/\/toutsurlesaola.fr\/index.php\/wp-json\/wp\/v2\/users\/5"}],"replies":[{"embeddable":true,"href":"https:\/\/toutsurlesaola.fr\/index.php\/wp-json\/wp\/v2\/comments?post=70"}],"version-history":[{"count":5,"href":"https:\/\/toutsurlesaola.fr\/index.php\/wp-json\/wp\/v2\/pages\/70\/revisions"}],"predecessor-version":[{"id":220,"href":"https:\/\/toutsurlesaola.fr\/index.php\/wp-json\/wp\/v2\/pages\/70\/revisions\/220"}],"up":[{"embeddable":true,"href":"https:\/\/toutsurlesaola.fr\/index.php\/wp-json\/wp\/v2\/pages\/32"}],"wp:featuredmedia":[{"embeddable":true,"href":"https:\/\/toutsurlesaola.fr\/index.php\/wp-json\/wp\/v2\/media\/9"}],"wp:attachment":[{"href":"https:\/\/toutsurlesaola.fr\/index.php\/wp-json\/wp\/v2\/media?parent=70"}],"curies":[{"name":"wp","href":"https:\/\/api.w.org\/{rel}","templated":true}]}}