{"id":32,"date":"2026-01-22T15:54:36","date_gmt":"2026-01-22T15:54:36","guid":{"rendered":"https:\/\/toutsurlesaola.fr\/?page_id=32"},"modified":"2026-02-19T15:11:29","modified_gmt":"2026-02-19T15:11:29","slug":"le-saola","status":"publish","type":"page","link":"https:\/\/toutsurlesaola.fr\/index.php\/le-saola\/","title":{"rendered":"Le Saola"},"content":{"rendered":"\n<h2 class=\"wp-block-heading\">La licorne asiatique en danger<\/h2>\n\n\n\n<h3 class=\"wp-block-heading\">Qu\u2019est-ce que le saola ?<\/h3>\n\n\n\n<p><mark style=\"background-color:rgba(0, 0, 0, 0);color:#000000\" class=\"has-inline-color\">Le\u00a0<strong>Saola<\/strong>\u00a0(<em>Pseudoryx nghetinhensis<\/em>) est l\u2019un des mammif\u00e8res les plus rares au monde. D\u00e9couvert en 1992 dans la cha\u00eene des montagnes Annamites, entre le Vietnam et le Laos, il est souvent surnomm\u00e9\u00a0<strong>la \u201clicorne asiatique\u201d<\/strong>\u00a0en raison de ses longues cornes parall\u00e8les.<\/mark><\/p>\n\n\n\n<p><mark style=\"background-color:rgba(0, 0, 0, 0);color:#000000\" class=\"has-inline-color\">Son existence a surpris la communaut\u00e9 scientifique, car il s\u2019agit de l\u2019une des d\u00e9couvertes zoologiques les plus importantes du XXe si\u00e8cle.<\/mark><\/p>\n\n\n\n<h2 class=\"wp-block-heading\" id=\"https:\/\/toutsurlesaola.fr\/index.php\/le-saola\/la-reproduction-des-saolas\/\"><a href=\"https:\/\/toutsurlesaola.fr\/index.php\/le-saola\/la-reproduction-des-saolas\/\">Reproduction des saolas<\/a><\/h2>\n\n\n\n<p><mark style=\"background-color:rgba(0, 0, 0, 0);color:#000000\" class=\"has-inline-color\">Les scientifiques estiment que les saolas ont un\u00a0<strong>rythme de reproduction lent<\/strong>, comparable \u00e0 celui d\u2019autres grands bovid\u00e9s vivant en for\u00eat tropicale.<\/mark><\/p>\n\n\n\n<h4 class=\"wp-block-heading\">Points cl\u00e9s connus :<\/h4>\n\n\n\n<ul class=\"wp-block-list\">\n<li>Accouplement probablement\u00a0<strong>une fois par an<\/strong><\/li>\n\n\n\n<li>Gestation estim\u00e9e entre\u00a0<strong>7 et 8 mois<\/strong><\/li>\n\n\n\n<li>Naissance d\u2019<strong>un seul petit<\/strong>\u00a0\u00e0 la fois<\/li>\n<\/ul>\n\n\n\n<p>Ce faible taux de reproduction rend l\u2019esp\u00e8ce extr\u00eamement vuln\u00e9rable.<\/p>\n\n\n\n<p><\/p>\n","protected":false},"excerpt":{"rendered":"<p>La licorne asiatique en danger Qu\u2019est-ce que le saola ? Le\u00a0Saola\u00a0(Pseudoryx nghetinhensis) est l\u2019un des mammif\u00e8res les plus rares au monde. D\u00e9couvert en 1992 dans la cha\u00eene des montagnes Annamites, entre le Vietnam et le Laos, il est souvent surnomm\u00e9\u00a0la \u201clicorne asiatique\u201d\u00a0en raison de ses longues cornes parall\u00e8les. Son existence a surpris la communaut\u00e9 scientifique, [&hellip;]<\/p>\n","protected":false},"author":5,"featured_media":11,"parent":0,"menu_order":0,"comment_status":"closed","ping_status":"closed","template":"","meta":{"_monsterinsights_skip_tracking":false,"_monsterinsights_sitenote_active":false,"_monsterinsights_sitenote_note":"","_monsterinsights_sitenote_category":0,"footnotes":""},"class_list":["post-32","page","type-page","status-publish","has-post-thumbnail","hentry"],"yoast_head":"<!-- This site is optimized with the Yoast SEO plugin v27.2 - https:\/\/yoast.com\/product\/yoast-seo-wordpress\/ -->\n<title>Le Saola - TOUT SUR LE SAOLA<\/title>\n<meta name=\"robots\" content=\"index, follow, max-snippet:-1, max-image-preview:large, max-video-preview:-1\" \/>\n<link rel=\"canonical\" href=\"https:\/\/toutsurlesaola.fr\/index.php\/le-saola\/\" \/>\n<meta property=\"og:locale\" content=\"en_US\" \/>\n<meta property=\"og:type\" content=\"article\" \/>\n<meta property=\"og:title\" content=\"Le Saola - TOUT SUR LE SAOLA\" \/>\n<meta property=\"og:description\" content=\"La licorne asiatique en danger Qu\u2019est-ce que le saola ? Le\u00a0Saola\u00a0(Pseudoryx nghetinhensis) est l\u2019un des mammif\u00e8res les plus rares au monde. D\u00e9couvert en 1992 dans la cha\u00eene des montagnes Annamites, entre le Vietnam et le Laos, il est souvent surnomm\u00e9\u00a0la \u201clicorne asiatique\u201d\u00a0en raison de ses longues cornes parall\u00e8les. Son existence a surpris la communaut\u00e9 scientifique, [&hellip;]\" \/>\n<meta property=\"og:url\" content=\"https:\/\/toutsurlesaola.fr\/index.php\/le-saola\/\" \/>\n<meta property=\"og:site_name\" content=\"TOUT SUR LE SAOLA\" \/>\n<meta property=\"article:modified_time\" content=\"2026-02-19T15:11:29+00:00\" \/>\n<meta property=\"og:image\" content=\"https:\/\/toutsurlesaola.fr\/wp-content\/uploads\/2026\/01\/Saola_29-1.webp\" \/>\n\t<meta property=\"og:image:width\" content=\"1920\" \/>\n\t<meta property=\"og:image:height\" content=\"1080\" \/>\n\t<meta property=\"og:image:type\" content=\"image\/webp\" \/>\n<meta name=\"twitter:card\" content=\"summary_large_image\" \/>\n<meta name=\"twitter:label1\" content=\"Est. reading time\" \/>\n\t<meta name=\"twitter:data1\" content=\"1 minute\" \/>\n<script type=\"application\/ld+json\" class=\"yoast-schema-graph\">{\"@context\":\"https:\/\/schema.org\",\"@graph\":[{\"@type\":\"WebPage\",\"@id\":\"https:\/\/toutsurlesaola.fr\/index.php\/le-saola\/\",\"url\":\"https:\/\/toutsurlesaola.fr\/index.php\/le-saola\/\",\"name\":\"Le Saola - TOUT SUR LE SAOLA\",\"isPartOf\":{\"@id\":\"http:\/\/toutsurlesaola.fr\/#website\"},\"primaryImageOfPage\":{\"@id\":\"https:\/\/toutsurlesaola.fr\/index.php\/le-saola\/#primaryimage\"},\"image\":{\"@id\":\"https:\/\/toutsurlesaola.fr\/index.php\/le-saola\/#primaryimage\"},\"thumbnailUrl\":\"https:\/\/toutsurlesaola.fr\/wp-content\/uploads\/2026\/01\/Saola_29-1.webp\",\"datePublished\":\"2026-01-22T15:54:36+00:00\",\"dateModified\":\"2026-02-19T15:11:29+00:00\",\"breadcrumb\":{\"@id\":\"https:\/\/toutsurlesaola.fr\/index.php\/le-saola\/#breadcrumb\"},\"inLanguage\":\"en-US\",\"potentialAction\":[{\"@type\":\"ReadAction\",\"target\":[\"https:\/\/toutsurlesaola.fr\/index.php\/le-saola\/\"]}]},{\"@type\":\"ImageObject\",\"inLanguage\":\"en-US\",\"@id\":\"https:\/\/toutsurlesaola.fr\/index.php\/le-saola\/#primaryimage\",\"url\":\"https:\/\/toutsurlesaola.fr\/wp-content\/uploads\/2026\/01\/Saola_29-1.webp\",\"contentUrl\":\"https:\/\/toutsurlesaola.fr\/wp-content\/uploads\/2026\/01\/Saola_29-1.webp\",\"width\":1920,\"height\":1080},{\"@type\":\"BreadcrumbList\",\"@id\":\"https:\/\/toutsurlesaola.fr\/index.php\/le-saola\/#breadcrumb\",\"itemListElement\":[{\"@type\":\"ListItem\",\"position\":1,\"name\":\"Home\",\"item\":\"http:\/\/toutsurlesaola.fr\/\"},{\"@type\":\"ListItem\",\"position\":2,\"name\":\"Le Saola\"}]},{\"@type\":\"WebSite\",\"@id\":\"http:\/\/toutsurlesaola.fr\/#website\",\"url\":\"http:\/\/toutsurlesaola.fr\/\",\"name\":\"TOUT SUR LE SAOLA\",\"description\":\"\",\"publisher\":{\"@id\":\"http:\/\/toutsurlesaola.fr\/#organization\"},\"potentialAction\":[{\"@type\":\"SearchAction\",\"target\":{\"@type\":\"EntryPoint\",\"urlTemplate\":\"http:\/\/toutsurlesaola.fr\/?s={search_term_string}\"},\"query-input\":{\"@type\":\"PropertyValueSpecification\",\"valueRequired\":true,\"valueName\":\"search_term_string\"}}],\"inLanguage\":\"en-US\"},{\"@type\":\"Organization\",\"@id\":\"http:\/\/toutsurlesaola.fr\/#organization\",\"name\":\"D\u00e9couvre le mode de reproduction des saolas\",\"url\":\"http:\/\/toutsurlesaola.fr\/\",\"logo\":{\"@type\":\"ImageObject\",\"inLanguage\":\"en-US\",\"@id\":\"http:\/\/toutsurlesaola.fr\/#\/schema\/logo\/image\/\",\"url\":\"https:\/\/toutsurlesaola.fr\/wp-content\/uploads\/2026\/01\/Designer-1.png\",\"contentUrl\":\"https:\/\/toutsurlesaola.fr\/wp-content\/uploads\/2026\/01\/Designer-1.png\",\"width\":1024,\"height\":1024,\"caption\":\"D\u00e9couvre le mode de reproduction des saolas\"},\"image\":{\"@id\":\"http:\/\/toutsurlesaola.fr\/#\/schema\/logo\/image\/\"}}]}<\/script>\n<!-- \/ Yoast SEO plugin. -->","yoast_head_json":{"title":"Le Saola - TOUT SUR LE SAOLA","robots":{"index":"index","follow":"follow","max-snippet":"max-snippet:-1","max-image-preview":"max-image-preview:large","max-video-preview":"max-video-preview:-1"},"canonical":"https:\/\/toutsurlesaola.fr\/index.php\/le-saola\/","og_locale":"en_US","og_type":"article","og_title":"Le Saola - TOUT SUR LE SAOLA","og_description":"La licorne asiatique en danger Qu\u2019est-ce que le saola ? Le\u00a0Saola\u00a0(Pseudoryx nghetinhensis) est l\u2019un des mammif\u00e8res les plus rares au monde. D\u00e9couvert en 1992 dans la cha\u00eene des montagnes Annamites, entre le Vietnam et le Laos, il est souvent surnomm\u00e9\u00a0la \u201clicorne asiatique\u201d\u00a0en raison de ses longues cornes parall\u00e8les. Son existence a surpris la communaut\u00e9 scientifique, [&hellip;]","og_url":"https:\/\/toutsurlesaola.fr\/index.php\/le-saola\/","og_site_name":"TOUT SUR LE SAOLA","article_modified_time":"2026-02-19T15:11:29+00:00","og_image":[{"width":1920,"height":1080,"url":"https:\/\/toutsurlesaola.fr\/wp-content\/uploads\/2026\/01\/Saola_29-1.webp","type":"image\/webp"}],"twitter_card":"summary_large_image","twitter_misc":{"Est. reading time":"1 minute"},"schema":{"@context":"https:\/\/schema.org","@graph":[{"@type":"WebPage","@id":"https:\/\/toutsurlesaola.fr\/index.php\/le-saola\/","url":"https:\/\/toutsurlesaola.fr\/index.php\/le-saola\/","name":"Le Saola - TOUT SUR LE SAOLA","isPartOf":{"@id":"http:\/\/toutsurlesaola.fr\/#website"},"primaryImageOfPage":{"@id":"https:\/\/toutsurlesaola.fr\/index.php\/le-saola\/#primaryimage"},"image":{"@id":"https:\/\/toutsurlesaola.fr\/index.php\/le-saola\/#primaryimage"},"thumbnailUrl":"https:\/\/toutsurlesaola.fr\/wp-content\/uploads\/2026\/01\/Saola_29-1.webp","datePublished":"2026-01-22T15:54:36+00:00","dateModified":"2026-02-19T15:11:29+00:00","breadcrumb":{"@id":"https:\/\/toutsurlesaola.fr\/index.php\/le-saola\/#breadcrumb"},"inLanguage":"en-US","potentialAction":[{"@type":"ReadAction","target":["https:\/\/toutsurlesaola.fr\/index.php\/le-saola\/"]}]},{"@type":"ImageObject","inLanguage":"en-US","@id":"https:\/\/toutsurlesaola.fr\/index.php\/le-saola\/#primaryimage","url":"https:\/\/toutsurlesaola.fr\/wp-content\/uploads\/2026\/01\/Saola_29-1.webp","contentUrl":"https:\/\/toutsurlesaola.fr\/wp-content\/uploads\/2026\/01\/Saola_29-1.webp","width":1920,"height":1080},{"@type":"BreadcrumbList","@id":"https:\/\/toutsurlesaola.fr\/index.php\/le-saola\/#breadcrumb","itemListElement":[{"@type":"ListItem","position":1,"name":"Home","item":"http:\/\/toutsurlesaola.fr\/"},{"@type":"ListItem","position":2,"name":"Le Saola"}]},{"@type":"WebSite","@id":"http:\/\/toutsurlesaola.fr\/#website","url":"http:\/\/toutsurlesaola.fr\/","name":"TOUT SUR LE SAOLA","description":"","publisher":{"@id":"http:\/\/toutsurlesaola.fr\/#organization"},"potentialAction":[{"@type":"SearchAction","target":{"@type":"EntryPoint","urlTemplate":"http:\/\/toutsurlesaola.fr\/?s={search_term_string}"},"query-input":{"@type":"PropertyValueSpecification","valueRequired":true,"valueName":"search_term_string"}}],"inLanguage":"en-US"},{"@type":"Organization","@id":"http:\/\/toutsurlesaola.fr\/#organization","name":"D\u00e9couvre le mode de reproduction des saolas","url":"http:\/\/toutsurlesaola.fr\/","logo":{"@type":"ImageObject","inLanguage":"en-US","@id":"http:\/\/toutsurlesaola.fr\/#\/schema\/logo\/image\/","url":"https:\/\/toutsurlesaola.fr\/wp-content\/uploads\/2026\/01\/Designer-1.png","contentUrl":"https:\/\/toutsurlesaola.fr\/wp-content\/uploads\/2026\/01\/Designer-1.png","width":1024,"height":1024,"caption":"D\u00e9couvre le mode de reproduction des saolas"},"image":{"@id":"http:\/\/toutsurlesaola.fr\/#\/schema\/logo\/image\/"}}]}},"_links":{"self":[{"href":"https:\/\/toutsurlesaola.fr\/index.php\/wp-json\/wp\/v2\/pages\/32","targetHints":{"allow":["GET"]}}],"collection":[{"href":"https:\/\/toutsurlesaola.fr\/index.php\/wp-json\/wp\/v2\/pages"}],"about":[{"href":"https:\/\/toutsurlesaola.fr\/index.php\/wp-json\/wp\/v2\/types\/page"}],"author":[{"embeddable":true,"href":"https:\/\/toutsurlesaola.fr\/index.php\/wp-json\/wp\/v2\/users\/5"}],"replies":[{"embeddable":true,"href":"https:\/\/toutsurlesaola.fr\/index.php\/wp-json\/wp\/v2\/comments?post=32"}],"version-history":[{"count":3,"href":"https:\/\/toutsurlesaola.fr\/index.php\/wp-json\/wp\/v2\/pages\/32\/revisions"}],"predecessor-version":[{"id":201,"href":"https:\/\/toutsurlesaola.fr\/index.php\/wp-json\/wp\/v2\/pages\/32\/revisions\/201"}],"wp:featuredmedia":[{"embeddable":true,"href":"https:\/\/toutsurlesaola.fr\/index.php\/wp-json\/wp\/v2\/media\/11"}],"wp:attachment":[{"href":"https:\/\/toutsurlesaola.fr\/index.php\/wp-json\/wp\/v2\/media?parent=32"}],"curies":[{"name":"wp","href":"https:\/\/api.w.org\/{rel}","templated":true}]}}