{"id":28,"date":"2026-01-22T16:14:26","date_gmt":"2026-01-22T16:14:26","guid":{"rendered":"https:\/\/toutsurlesaola.fr\/?page_id=28"},"modified":"2026-03-31T07:32:52","modified_gmt":"2026-03-31T07:32:52","slug":"blog","status":"publish","type":"page","link":"https:\/\/toutsurlesaola.fr\/index.php\/blog\/","title":{"rendered":"BLOG"},"content":{"rendered":"\n<div class=\"wp-block-query is-layout-flow wp-block-query-is-layout-flow\"><ul class=\"columns-3 wp-block-post-template is-layout-grid wp-container-core-post-template-is-layout-572542b5 wp-block-post-template-is-layout-grid\"><li class=\"wp-block-post post-297 post type-post status-publish format-standard has-post-thumbnail hentry category-uncategorized tag-cycle-de-vie-du-saola tag-la-reproduction-des-saolas tag-reproduction-du-saola tag-saola-reproduction\">\n\n<div class=\"wp-block-group is-layout-flow wp-block-group-is-layout-flow\" style=\"padding-top:30px;padding-right:30px;padding-bottom:30px;padding-left:30px\"><h2 class=\"wp-block-post-title\"><a href=\"https:\/\/toutsurlesaola.fr\/index.php\/2026\/03\/31\/reproduction-des-saolas-ce-que-lon-sait\/\" target=\"_self\">Reproduction des saolas : ce que l\u2019on sait<\/a><\/h2>\n\n<div class=\"wp-block-post-excerpt\"><p class=\"wp-block-post-excerpt__excerpt\">la reproduction des saolas <\/p><\/div>\n\n<div class=\"wp-block-post-date\"><time datetime=\"2026-03-31T07:16:05+00:00\">March 31, 2026<\/time><\/div><\/div>\n\n<\/li><li class=\"wp-block-post post-287 post type-post status-publish format-standard hentry category-uncategorized\">\n\n<div class=\"wp-block-group is-layout-flow wp-block-group-is-layout-flow\" style=\"padding-top:30px;padding-right:30px;padding-bottom:30px;padding-left:30px\"><h2 class=\"wp-block-post-title\"><a href=\"https:\/\/toutsurlesaola.fr\/index.php\/2026\/03\/30\/reproduction-saola-science\/\" target=\"_self\">La\u00a0reproduction des saolas\u00a0: ce que la science sait et ne sait pas encore de l&#8217;esp\u00e8ce la plus rare au monde<\/a><\/h2>\n\n<div class=\"wp-block-post-excerpt\"><p class=\"wp-block-post-excerpt__excerpt\">Le saola (Pseudoryx nghetinhensis) est peut-\u00eatre le mammif\u00e8re terrestre le plus myst\u00e9rieux de la plan\u00e8te. D\u00e9couvert en 1992, jamais observ\u00e9 vivant \u00e0 l&#8217;\u00e9tat sauvage par un scientifique occidental, il nous a livr\u00e9 tr\u00e8s peu de ses secrets. Et parmi tous les myst\u00e8res qu&#8217;il conserve jalousement, un domine : comment se reproduit-il ? Cette synth\u00e8se rassemble&hellip; <\/p><\/div>\n\n<div class=\"wp-block-post-date\"><time datetime=\"2026-03-30T20:15:29+00:00\">March 30, 2026<\/time><\/div><\/div>\n\n<\/li><li class=\"wp-block-post post-270 post type-post status-publish format-standard hentry category-uncategorized\">\n\n<div class=\"wp-block-group is-layout-flow wp-block-group-is-layout-flow\" style=\"padding-top:30px;padding-right:30px;padding-bottom:30px;padding-left:30px\"><h2 class=\"wp-block-post-title\"><a href=\"https:\/\/toutsurlesaola.fr\/index.php\/2026\/03\/24\/gestation-et-naissance-chez-les-bovides-sauvages-le-cas-du-saola\/\" target=\"_self\">Gestation et naissance chez les bovid\u00e9s sauvages : le cas du saola<\/a><\/h2>\n\n<div class=\"wp-block-post-excerpt\"><p class=\"wp-block-post-excerpt__excerpt\">Chez les mammif\u00e8res, la gestation et la naissance constituent des \u00e9tapes d\u00e9terminantes du cycle de vie. Pour les esp\u00e8ces sauvages, et plus encore pour celles vivant dans des environnements contraignants, ces phases conditionnent directement la survie des individus et la p\u00e9rennit\u00e9 des populations. Le saola (Pseudoryx nghetinhensis), bovid\u00e9 forestier parmi les plus rares au monde,&hellip; <\/p><\/div>\n\n<div class=\"wp-block-post-date\"><time datetime=\"2026-03-24T15:28:28+00:00\">March 24, 2026<\/time><\/div><\/div>\n\n<\/li><li class=\"wp-block-post post-272 post type-post status-publish format-standard hentry category-uncategorized\">\n\n<div class=\"wp-block-group is-layout-flow wp-block-group-is-layout-flow\" style=\"padding-top:30px;padding-right:30px;padding-bottom:30px;padding-left:30px\"><h2 class=\"wp-block-post-title\"><a href=\"https:\/\/toutsurlesaola.fr\/index.php\/2026\/03\/23\/saola-animal-le-plus-rare-au-monde\/\" target=\"_self\">Saola : l&#8217;animal le plus rare au monde que personne n&#8217;a jamais vu<\/a><\/h2>\n\n<div class=\"wp-block-post-excerpt\"><p class=\"wp-block-post-excerpt__excerpt\">Il existe encore, en 2026, des animaux si rares que m\u00eame les scientifiques ne parviennent presque jamais \u00e0 les observer.Le saola, consid\u00e9r\u00e9 comme l&#8217;animal le plus rare au monde, surnomm\u00e9 la &#8220;licorne asiatique&#8220;. Ce mammif\u00e8re myst\u00e9rieux fascine autant qu\u2019il inqui\u00e8te. D\u00e9couvert il y a \u00e0 peine quelques d\u00e9cennies, il pourrait d\u00e9j\u00e0 dispara\u00eetre\u2026 sans que nous&hellip; <\/p><\/div>\n\n<div class=\"wp-block-post-date\"><time datetime=\"2026-03-23T21:21:50+00:00\">March 23, 2026<\/time><\/div><\/div>\n\n<\/li><li class=\"wp-block-post post-266 post type-post status-publish format-standard hentry category-uncategorized\">\n\n<div class=\"wp-block-group is-layout-flow wp-block-group-is-layout-flow\" style=\"padding-top:30px;padding-right:30px;padding-bottom:30px;padding-left:30px\"><h2 class=\"wp-block-post-title\"><a href=\"https:\/\/toutsurlesaola.fr\/index.php\/2026\/03\/23\/le-comportement-des-saolas-animal-solitaire-ou-social\/\" target=\"_self\">Le comportement des saolas : animal solitaire ou social ?<\/a><\/h2>\n\n<div class=\"wp-block-post-excerpt\"><p class=\"wp-block-post-excerpt__excerpt\">Comprendre le comportement social du saola est fondamental, car il influence directement ses d\u00e9placements, sa reproduction et, plus largement, ses chances de survie. \u00c0 ce jour, aucune observation prolong\u00e9e n\u2019a permis de trancher d\u00e9finitivement. Pourtant, en analysant les rares donn\u00e9es disponibles et en les croisant avec la biologie d\u2019esp\u00e8ces proches, il est possible de d\u00e9gager&hellip; <\/p><\/div>\n\n<div class=\"wp-block-post-date\"><time datetime=\"2026-03-23T15:03:00+00:00\">March 23, 2026<\/time><\/div><\/div>\n\n<\/li><li class=\"wp-block-post post-264 post type-post status-publish format-standard hentry category-uncategorized\">\n\n<div class=\"wp-block-group is-layout-flow wp-block-group-is-layout-flow\" style=\"padding-top:30px;padding-right:30px;padding-bottom:30px;padding-left:30px\"><h2 class=\"wp-block-post-title\"><a href=\"https:\/\/toutsurlesaola.fr\/index.php\/2026\/03\/22\/le-mode-de-vie-du-saola-et-son-impact-sur-sa-reproduction\/\" target=\"_self\">Le mode de vie du saola et son impact sur sa reproduction<\/a><\/h2>\n\n<div class=\"wp-block-post-excerpt\"><p class=\"wp-block-post-excerpt__excerpt\">Comprendre comment vit le saola au quotidien permet de mieux saisir pourquoi sa reproduction est si difficile \u00e0 observer, mais aussi pourquoi elle est aujourd\u2019hui si menac\u00e9e. Chez cette esp\u00e8ce, le mode de vie et la reproduction sont intimement li\u00e9s. Un animal adapt\u00e9 \u00e0 la discr\u00e9tion et \u00e0 l\u2019isolement Le saola vit dans des r\u00e9gions&hellip; <\/p><\/div>\n\n<div class=\"wp-block-post-date\"><time datetime=\"2026-03-22T14:45:00+00:00\">March 22, 2026<\/time><\/div><\/div>\n\n<\/li><li class=\"wp-block-post post-262 post type-post status-publish format-standard hentry category-uncategorized\">\n\n<div class=\"wp-block-group is-layout-flow wp-block-group-is-layout-flow\" style=\"padding-top:30px;padding-right:30px;padding-bottom:30px;padding-left:30px\"><h2 class=\"wp-block-post-title\"><a href=\"https:\/\/toutsurlesaola.fr\/index.php\/2026\/03\/21\/reproduction-du-saola-ce-que-lon-ignore-encore\/\" target=\"_self\">Reproduction du saola : ce que l\u2019on ignore encore<\/a><\/h2>\n\n<div class=\"wp-block-post-excerpt\"><p class=\"wp-block-post-excerpt__excerpt\">Malgr\u00e9 plus de trente ann\u00e9es de recherches, d\u2019efforts de conservation et d\u2019avanc\u00e9es technologiques, la science reconna\u00eet aujourd\u2019hui que de nombreuses questions fondamentales restent sans r\u00e9ponse. Comprendre ce que l\u2019on ignore encore sur la reproduction du saola est essentiel, car ces lacunes freinent la mise en place de strat\u00e9gies de protection pleinement adapt\u00e9es \u00e0 l\u2019esp\u00e8ce. Une&hellip; <\/p><\/div>\n\n<div class=\"wp-block-post-date\"><time datetime=\"2026-03-21T14:38:00+00:00\">March 21, 2026<\/time><\/div><\/div>\n\n<\/li><li class=\"wp-block-post post-259 post type-post status-publish format-standard hentry category-uncategorized\">\n\n<div class=\"wp-block-group is-layout-flow wp-block-group-is-layout-flow\" style=\"padding-top:30px;padding-right:30px;padding-bottom:30px;padding-left:30px\"><h2 class=\"wp-block-post-title\"><a href=\"https:\/\/toutsurlesaola.fr\/index.php\/2026\/03\/20\/periode-de-reproduction-des-saolas-quand-naissent-les-petits\/\" target=\"_self\">P\u00e9riode de reproduction des saolas : quand naissent les petits ?<\/a><\/h2>\n\n<div class=\"wp-block-post-excerpt\"><p class=\"wp-block-post-excerpt__excerpt\">Pour comprendre la p\u00e9riode de reproduction des saolas, il faut d\u2019abord se pencher sur le climat des r\u00e9gions o\u00f9 ils vivent. Le saola est pr\u00e9sent exclusivement dans les for\u00eats tropicales humides de la cha\u00eene annamitique, \u00e0 la fronti\u00e8re entre le Vietnam et le Laos. Ces r\u00e9gions sont marqu\u00e9es par une alternance nette entre une saison&hellip; <\/p><\/div>\n\n<div class=\"wp-block-post-date\"><time datetime=\"2026-03-20T14:17:00+00:00\">March 20, 2026<\/time><\/div><\/div>\n\n<\/li><li class=\"wp-block-post post-257 post type-post status-publish format-standard hentry category-uncategorized\">\n\n<div class=\"wp-block-group is-layout-flow wp-block-group-is-layout-flow\" style=\"padding-top:30px;padding-right:30px;padding-bottom:30px;padding-left:30px\"><h2 class=\"wp-block-post-title\"><a href=\"https:\/\/toutsurlesaola.fr\/index.php\/2026\/03\/19\/le-cycle-de-reproduction-du-saola-explique-simplement\/\" target=\"_self\">Le cycle de reproduction du saola expliqu\u00e9 simplement<\/a><\/h2>\n\n<div class=\"wp-block-post-excerpt\"><p class=\"wp-block-post-excerpt__excerpt\">Avant d\u2019entrer dans le d\u00e9tail, il est important de rappeler une r\u00e9alit\u00e9 fondamentale : le cycle de reproduction du saola n\u2019a jamais \u00e9t\u00e9 observ\u00e9 de mani\u00e8re continue. Aucun suivi d\u2019individus reproducteurs n\u2019a \u00e9t\u00e9 possible, ni en captivit\u00e9, ni dans la nature. Les connaissances actuelles reposent donc sur des hypoth\u00e8ses scientifiques construites \u00e0 partir de comparaisons&hellip; <\/p><\/div>\n\n<div class=\"wp-block-post-date\"><time datetime=\"2026-03-19T14:14:59+00:00\">March 19, 2026<\/time><\/div><\/div>\n\n<\/li><li class=\"wp-block-post post-255 post type-post status-publish format-standard hentry category-uncategorized\">\n\n<div class=\"wp-block-group is-layout-flow wp-block-group-is-layout-flow\" style=\"padding-top:30px;padding-right:30px;padding-bottom:30px;padding-left:30px\"><h2 class=\"wp-block-post-title\"><a href=\"https:\/\/toutsurlesaola.fr\/index.php\/2026\/03\/19\/comment-se-reproduisent-les-saolas-dans-leur-habitat-naturel\/\" target=\"_self\">Comment se reproduisent les saolas dans leur habitat naturel ?<\/a><\/h2>\n\n<div class=\"wp-block-post-excerpt\"><p class=\"wp-block-post-excerpt__excerpt\">Le saola (Pseudoryx nghetinhensis) est souvent qualifi\u00e9 d\u2019animal fant\u00f4me. Rarement observ\u00e9, vivant dans des for\u00eats denses et montagneuses d\u2019Asie du Sud-Est, il demeure l\u2019un des mammif\u00e8res les moins connus de la plan\u00e8te. Cette discr\u00e9tion extr\u00eame explique en grande partie pourquoi la question de la reproduction des saolas dans leur habitat naturel reste aujourd\u2019hui largement entour\u00e9e&hellip; <\/p><\/div>\n\n<div class=\"wp-block-post-date\"><time datetime=\"2026-03-19T14:06:30+00:00\">March 19, 2026<\/time><\/div><\/div>\n\n<\/li><li class=\"wp-block-post post-252 post type-post status-publish format-standard hentry category-uncategorized\">\n\n<div class=\"wp-block-group is-layout-flow wp-block-group-is-layout-flow\" style=\"padding-top:30px;padding-right:30px;padding-bottom:30px;padding-left:30px\"><h2 class=\"wp-block-post-title\"><a href=\"https:\/\/toutsurlesaola.fr\/index.php\/2026\/03\/19\/la-reproduction-des-saolas-tout-ce-que-la-science-sait-aujourdhui\/\" target=\"_self\">La reproduction des saolas : tout ce que la science sait aujourd\u2019hui<\/a><\/h2>\n\n<div class=\"wp-block-post-excerpt\"><p class=\"wp-block-post-excerpt__excerpt\"> <\/p><\/div>\n\n<div class=\"wp-block-post-date\"><time datetime=\"2026-03-19T13:51:32+00:00\">March 19, 2026<\/time><\/div><\/div>\n\n<\/li><li class=\"wp-block-post post-215 post type-post status-publish format-standard has-post-thumbnail hentry category-uncategorized tag-la-decouverte-des-saolas tag-la-reproduction-des-saolas tag-reproduction-saola tag-saola tag-saolas\">\n\n<div class=\"wp-block-group is-layout-flow wp-block-group-is-layout-flow\" style=\"padding-top:30px;padding-right:30px;padding-bottom:30px;padding-left:30px\"><h2 class=\"wp-block-post-title\"><a href=\"https:\/\/toutsurlesaola.fr\/index.php\/2026\/02\/19\/mystere-saola-cache\/\" target=\"_self\">D\u00e9couverte du saola :  l&#8217;incroyable secret de la licorne<\/a><\/h2>\n\n<div class=\"wp-block-post-excerpt\"><p class=\"wp-block-post-excerpt__excerpt\">La d\u00e9couverte du saola en 1992 reste \u00e0 ce jour l&#8217;un des \u00e9v\u00e9nements les plus marquants de la zoologie contemporaine. Comment un mammif\u00e8re de cette envergure a-t-il pu demeurer invisible aux yeux de la communaut\u00e9 scientifique internationale \u00e0 l&#8217;\u00e8re du satellite et de l&#8217;exploration globale ? Surnomm\u00e9 la &#8220;licorne d&#8217;Asie&#8221;, le saola (Pseudoryx nghetinhensis) incarne&hellip; <\/p><\/div>\n\n<div class=\"wp-block-post-date\"><time datetime=\"2026-02-19T15:29:21+00:00\">February 19, 2026<\/time><\/div><\/div>\n\n<\/li><li class=\"wp-block-post post-193 post type-post status-publish format-standard has-post-thumbnail hentry category-uncategorized\">\n\n<div class=\"wp-block-group is-layout-flow wp-block-group-is-layout-flow\" style=\"padding-top:30px;padding-right:30px;padding-bottom:30px;padding-left:30px\"><h2 class=\"wp-block-post-title\"><a href=\"https:\/\/toutsurlesaola.fr\/index.php\/2026\/02\/19\/les-mysteres-de-la-reproduction-des-saolas\/\" target=\"_self\">Reproduction des saolas : l&#8217;ultime d\u00e9fi pour leur survie<\/a><\/h2>\n\n<div class=\"wp-block-post-excerpt\"><p class=\"wp-block-post-excerpt__excerpt\">La reproduction des saolas (Pseudoryx nghetinhensis) est aujourd&#8217;hui au c\u0153ur des pr\u00e9occupations pour sauver cette esp\u00e8ce d&#8217;un risque d&#8217;extinction imminent. Surnomm\u00e9 la &#8220;licorne d&#8217;Asie&#8221; en raison de sa raret\u00e9 et de ses cornes spectaculaires, ce bovid\u00e9 fait face \u00e0 un risque d&#8217;extinction imminent. Au c\u0153ur des pr\u00e9occupations des biologistes, la reproduction des saolas est devenue&hellip; <\/p><\/div>\n\n<div class=\"wp-block-post-date\"><time datetime=\"2026-02-19T15:04:45+00:00\">February 19, 2026<\/time><\/div><\/div>\n\n<\/li><\/ul><\/div>\n\n\n\n<p><\/p>\n","protected":false},"excerpt":{"rendered":"","protected":false},"author":2,"featured_media":11,"parent":0,"menu_order":0,"comment_status":"closed","ping_status":"closed","template":"","meta":{"_monsterinsights_skip_tracking":false,"_monsterinsights_sitenote_active":false,"_monsterinsights_sitenote_note":"","_monsterinsights_sitenote_category":0,"footnotes":""},"class_list":["post-28","page","type-page","status-publish","has-post-thumbnail","hentry"],"yoast_head":"<!-- This site is optimized with the Yoast SEO plugin v27.2 - https:\/\/yoast.com\/product\/yoast-seo-wordpress\/ -->\n<title>BLOG - TOUT SUR LE SAOLA<\/title>\n<meta name=\"description\" content=\"Reproduction des saolas : tout savoir sur leur cycle de reproduction, leur habitat, leur comportement et les d\u00e9fis de conservation de cette esp\u00e8ce rare\" \/>\n<meta name=\"robots\" content=\"index, follow, max-snippet:-1, max-image-preview:large, max-video-preview:-1\" \/>\n<link rel=\"canonical\" href=\"http:\/\/toutsurlesaola.fr\/index.php\/blog\/\" \/>\n<meta property=\"og:locale\" content=\"en_US\" \/>\n<meta property=\"og:type\" content=\"article\" \/>\n<meta property=\"og:title\" content=\"BLOG - TOUT SUR LE SAOLA\" \/>\n<meta property=\"og:description\" content=\"Reproduction des saolas : tout savoir sur leur cycle de reproduction, leur habitat, leur comportement et les d\u00e9fis de conservation de cette esp\u00e8ce rare\" \/>\n<meta property=\"og:url\" content=\"http:\/\/toutsurlesaola.fr\/index.php\/blog\/\" \/>\n<meta property=\"og:site_name\" content=\"TOUT SUR LE SAOLA\" \/>\n<meta property=\"article:modified_time\" content=\"2026-03-31T07:32:52+00:00\" \/>\n<meta property=\"og:image\" content=\"http:\/\/toutsurlesaola.fr\/wp-content\/uploads\/2026\/01\/Saola_29-1.webp\" \/>\n\t<meta property=\"og:image:width\" content=\"1920\" \/>\n\t<meta property=\"og:image:height\" content=\"1080\" \/>\n\t<meta property=\"og:image:type\" content=\"image\/webp\" \/>\n<meta name=\"twitter:card\" content=\"summary_large_image\" \/>\n<meta name=\"twitter:label1\" content=\"Est. reading time\" \/>\n\t<meta name=\"twitter:data1\" content=\"1 minute\" \/>\n<script type=\"application\/ld+json\" class=\"yoast-schema-graph\">{\"@context\":\"https:\/\/schema.org\",\"@graph\":[{\"@type\":\"WebPage\",\"@id\":\"http:\/\/toutsurlesaola.fr\/index.php\/blog\/\",\"url\":\"http:\/\/toutsurlesaola.fr\/index.php\/blog\/\",\"name\":\"BLOG - TOUT SUR LE SAOLA\",\"isPartOf\":{\"@id\":\"http:\/\/toutsurlesaola.fr\/#website\"},\"primaryImageOfPage\":{\"@id\":\"http:\/\/toutsurlesaola.fr\/index.php\/blog\/#primaryimage\"},\"image\":{\"@id\":\"http:\/\/toutsurlesaola.fr\/index.php\/blog\/#primaryimage\"},\"thumbnailUrl\":\"https:\/\/toutsurlesaola.fr\/wp-content\/uploads\/2026\/01\/Saola_29-1.webp\",\"datePublished\":\"2026-01-22T16:14:26+00:00\",\"dateModified\":\"2026-03-31T07:32:52+00:00\",\"description\":\"Reproduction des saolas : tout savoir sur leur cycle de reproduction, leur habitat, leur comportement et les d\u00e9fis de conservation de cette esp\u00e8ce rare\",\"breadcrumb\":{\"@id\":\"http:\/\/toutsurlesaola.fr\/index.php\/blog\/#breadcrumb\"},\"inLanguage\":\"en-US\",\"potentialAction\":[{\"@type\":\"ReadAction\",\"target\":[\"http:\/\/toutsurlesaola.fr\/index.php\/blog\/\"]}]},{\"@type\":\"ImageObject\",\"inLanguage\":\"en-US\",\"@id\":\"http:\/\/toutsurlesaola.fr\/index.php\/blog\/#primaryimage\",\"url\":\"https:\/\/toutsurlesaola.fr\/wp-content\/uploads\/2026\/01\/Saola_29-1.webp\",\"contentUrl\":\"https:\/\/toutsurlesaola.fr\/wp-content\/uploads\/2026\/01\/Saola_29-1.webp\",\"width\":1920,\"height\":1080},{\"@type\":\"BreadcrumbList\",\"@id\":\"http:\/\/toutsurlesaola.fr\/index.php\/blog\/#breadcrumb\",\"itemListElement\":[{\"@type\":\"ListItem\",\"position\":1,\"name\":\"Home\",\"item\":\"http:\/\/toutsurlesaola.fr\/\"},{\"@type\":\"ListItem\",\"position\":2,\"name\":\"BLOG\"}]},{\"@type\":\"WebSite\",\"@id\":\"http:\/\/toutsurlesaola.fr\/#website\",\"url\":\"http:\/\/toutsurlesaola.fr\/\",\"name\":\"TOUT SUR LE SAOLA\",\"description\":\"\",\"publisher\":{\"@id\":\"http:\/\/toutsurlesaola.fr\/#organization\"},\"potentialAction\":[{\"@type\":\"SearchAction\",\"target\":{\"@type\":\"EntryPoint\",\"urlTemplate\":\"http:\/\/toutsurlesaola.fr\/?s={search_term_string}\"},\"query-input\":{\"@type\":\"PropertyValueSpecification\",\"valueRequired\":true,\"valueName\":\"search_term_string\"}}],\"inLanguage\":\"en-US\"},{\"@type\":\"Organization\",\"@id\":\"http:\/\/toutsurlesaola.fr\/#organization\",\"name\":\"D\u00e9couvre le mode de reproduction des saolas\",\"url\":\"http:\/\/toutsurlesaola.fr\/\",\"logo\":{\"@type\":\"ImageObject\",\"inLanguage\":\"en-US\",\"@id\":\"http:\/\/toutsurlesaola.fr\/#\/schema\/logo\/image\/\",\"url\":\"https:\/\/toutsurlesaola.fr\/wp-content\/uploads\/2026\/01\/Designer-1.png\",\"contentUrl\":\"https:\/\/toutsurlesaola.fr\/wp-content\/uploads\/2026\/01\/Designer-1.png\",\"width\":1024,\"height\":1024,\"caption\":\"D\u00e9couvre le mode de reproduction des saolas\"},\"image\":{\"@id\":\"http:\/\/toutsurlesaola.fr\/#\/schema\/logo\/image\/\"}}]}<\/script>\n<!-- \/ Yoast SEO plugin. -->","yoast_head_json":{"title":"BLOG - TOUT SUR LE SAOLA","description":"Reproduction des saolas : tout savoir sur leur cycle de reproduction, leur habitat, leur comportement et les d\u00e9fis de conservation de cette esp\u00e8ce rare","robots":{"index":"index","follow":"follow","max-snippet":"max-snippet:-1","max-image-preview":"max-image-preview:large","max-video-preview":"max-video-preview:-1"},"canonical":"http:\/\/toutsurlesaola.fr\/index.php\/blog\/","og_locale":"en_US","og_type":"article","og_title":"BLOG - TOUT SUR LE SAOLA","og_description":"Reproduction des saolas : tout savoir sur leur cycle de reproduction, leur habitat, leur comportement et les d\u00e9fis de conservation de cette esp\u00e8ce rare","og_url":"http:\/\/toutsurlesaola.fr\/index.php\/blog\/","og_site_name":"TOUT SUR LE SAOLA","article_modified_time":"2026-03-31T07:32:52+00:00","og_image":[{"width":1920,"height":1080,"url":"http:\/\/toutsurlesaola.fr\/wp-content\/uploads\/2026\/01\/Saola_29-1.webp","type":"image\/webp"}],"twitter_card":"summary_large_image","twitter_misc":{"Est. reading time":"1 minute"},"schema":{"@context":"https:\/\/schema.org","@graph":[{"@type":"WebPage","@id":"http:\/\/toutsurlesaola.fr\/index.php\/blog\/","url":"http:\/\/toutsurlesaola.fr\/index.php\/blog\/","name":"BLOG - TOUT SUR LE SAOLA","isPartOf":{"@id":"http:\/\/toutsurlesaola.fr\/#website"},"primaryImageOfPage":{"@id":"http:\/\/toutsurlesaola.fr\/index.php\/blog\/#primaryimage"},"image":{"@id":"http:\/\/toutsurlesaola.fr\/index.php\/blog\/#primaryimage"},"thumbnailUrl":"https:\/\/toutsurlesaola.fr\/wp-content\/uploads\/2026\/01\/Saola_29-1.webp","datePublished":"2026-01-22T16:14:26+00:00","dateModified":"2026-03-31T07:32:52+00:00","description":"Reproduction des saolas : tout savoir sur leur cycle de reproduction, leur habitat, leur comportement et les d\u00e9fis de conservation de cette esp\u00e8ce rare","breadcrumb":{"@id":"http:\/\/toutsurlesaola.fr\/index.php\/blog\/#breadcrumb"},"inLanguage":"en-US","potentialAction":[{"@type":"ReadAction","target":["http:\/\/toutsurlesaola.fr\/index.php\/blog\/"]}]},{"@type":"ImageObject","inLanguage":"en-US","@id":"http:\/\/toutsurlesaola.fr\/index.php\/blog\/#primaryimage","url":"https:\/\/toutsurlesaola.fr\/wp-content\/uploads\/2026\/01\/Saola_29-1.webp","contentUrl":"https:\/\/toutsurlesaola.fr\/wp-content\/uploads\/2026\/01\/Saola_29-1.webp","width":1920,"height":1080},{"@type":"BreadcrumbList","@id":"http:\/\/toutsurlesaola.fr\/index.php\/blog\/#breadcrumb","itemListElement":[{"@type":"ListItem","position":1,"name":"Home","item":"http:\/\/toutsurlesaola.fr\/"},{"@type":"ListItem","position":2,"name":"BLOG"}]},{"@type":"WebSite","@id":"http:\/\/toutsurlesaola.fr\/#website","url":"http:\/\/toutsurlesaola.fr\/","name":"TOUT SUR LE SAOLA","description":"","publisher":{"@id":"http:\/\/toutsurlesaola.fr\/#organization"},"potentialAction":[{"@type":"SearchAction","target":{"@type":"EntryPoint","urlTemplate":"http:\/\/toutsurlesaola.fr\/?s={search_term_string}"},"query-input":{"@type":"PropertyValueSpecification","valueRequired":true,"valueName":"search_term_string"}}],"inLanguage":"en-US"},{"@type":"Organization","@id":"http:\/\/toutsurlesaola.fr\/#organization","name":"D\u00e9couvre le mode de reproduction des saolas","url":"http:\/\/toutsurlesaola.fr\/","logo":{"@type":"ImageObject","inLanguage":"en-US","@id":"http:\/\/toutsurlesaola.fr\/#\/schema\/logo\/image\/","url":"https:\/\/toutsurlesaola.fr\/wp-content\/uploads\/2026\/01\/Designer-1.png","contentUrl":"https:\/\/toutsurlesaola.fr\/wp-content\/uploads\/2026\/01\/Designer-1.png","width":1024,"height":1024,"caption":"D\u00e9couvre le mode de reproduction des saolas"},"image":{"@id":"http:\/\/toutsurlesaola.fr\/#\/schema\/logo\/image\/"}}]}},"_links":{"self":[{"href":"https:\/\/toutsurlesaola.fr\/index.php\/wp-json\/wp\/v2\/pages\/28","targetHints":{"allow":["GET"]}}],"collection":[{"href":"https:\/\/toutsurlesaola.fr\/index.php\/wp-json\/wp\/v2\/pages"}],"about":[{"href":"https:\/\/toutsurlesaola.fr\/index.php\/wp-json\/wp\/v2\/types\/page"}],"author":[{"embeddable":true,"href":"https:\/\/toutsurlesaola.fr\/index.php\/wp-json\/wp\/v2\/users\/2"}],"replies":[{"embeddable":true,"href":"https:\/\/toutsurlesaola.fr\/index.php\/wp-json\/wp\/v2\/comments?post=28"}],"version-history":[{"count":7,"href":"https:\/\/toutsurlesaola.fr\/index.php\/wp-json\/wp\/v2\/pages\/28\/revisions"}],"predecessor-version":[{"id":306,"href":"https:\/\/toutsurlesaola.fr\/index.php\/wp-json\/wp\/v2\/pages\/28\/revisions\/306"}],"wp:featuredmedia":[{"embeddable":true,"href":"https:\/\/toutsurlesaola.fr\/index.php\/wp-json\/wp\/v2\/media\/11"}],"wp:attachment":[{"href":"https:\/\/toutsurlesaola.fr\/index.php\/wp-json\/wp\/v2\/media?parent=28"}],"curies":[{"name":"wp","href":"https:\/\/api.w.org\/{rel}","templated":true}]}}