{"id":126,"date":"2026-02-19T13:46:17","date_gmt":"2026-02-19T13:46:17","guid":{"rendered":"https:\/\/toutsurlesaola.fr\/?page_id=126"},"modified":"2026-03-30T19:44:54","modified_gmt":"2026-03-30T19:44:54","slug":"le-mystere-du-saola","status":"publish","type":"page","link":"https:\/\/toutsurlesaola.fr\/index.php\/blog\/le-mystere-du-saola\/","title":{"rendered":"Les myst\u00e8res de la reproduction des saolas : un secret de la nature"},"content":{"rendered":"\n<figure class=\"wp-block-image size-full is-resized\"><img loading=\"lazy\" decoding=\"async\" width=\"626\" height=\"417\" src=\"https:\/\/toutsurlesaola.fr\/wp-content\/uploads\/2026\/02\/saolas-menace.jpg\" alt=\"\" class=\"wp-image-133\" style=\"width:968px;height:auto\" srcset=\"https:\/\/toutsurlesaola.fr\/wp-content\/uploads\/2026\/02\/saolas-menace.jpg 626w, https:\/\/toutsurlesaola.fr\/wp-content\/uploads\/2026\/02\/saolas-menace-300x200.jpg 300w\" sizes=\"auto, (max-width: 626px) 100vw, 626px\" \/><\/figure>\n\n\n\n<p class=\"has-black-color has-text-color has-link-color wp-elements-c9ad7be24acff1f45a34760fdd261704\">D\u00e9couvert tardivement en 1992, le <strong>saola<\/strong> (<em>Pseudoryx nghetinhensis<\/em>) reste l&#8217;une des cr\u00e9atures les plus \u00e9nigmatiques de notre plan\u00e8te. Surnomm\u00e9 la &#8220;licorne d&#8217;Asie&#8221; en raison de sa raret\u00e9 et de ses cornes spectaculaires, ce bovid\u00e9 fait face \u00e0 un risque d&#8217;extinction imminent. Au c\u0153ur des pr\u00e9occupations des biologistes, la <strong>reproduction des saolas<\/strong> est devenue le sujet br\u00fblant pour esp\u00e9rer un jour sauver l&#8217;esp\u00e8ce<\/p>\n\n\n\n<h2 class=\"wp-block-heading\">Pourquoi <a href=\"https:\/\/toutsurlesaola.fr\/index.php\/le-saola\/alimentation-du-saola\/\" type=\"link\" id=\"https:\/\/toutsurlesaola.fr\/index.php\/le-saola\/alimentation-du-saola\/\">la reproduction des saolas<\/a> est-elle un secret de la nature ?<\/h2>\n\n\n\n<p class=\"has-black-color has-text-color has-link-color wp-elements-9c4f32e2a76e6e731f82e142fd364b71\">Contrairement aux autres grands mammif\u00e8res d&#8217;Asie du Sud-Est, le saola n&#8217;a jamais pu \u00eatre \u00e9tudi\u00e9 durablement. Son caract\u00e8re extr\u00eamement farouche et son habitat imp\u00e9n\u00e9trable dans la <strong>cha\u00eene Annamitique<\/strong> rendent l&#8217;observation de ses rituels amoureux presque impossible.<\/p>\n\n\n\n<h3 class=\"wp-block-heading\">L&#8217;isolement : le premier frein \u00e0 l&#8217;accouplement<\/h3>\n\n\n\n<p class=\"has-black-color has-text-color has-link-color wp-elements-e01e87dc7a6a2a3faa1c44ef4235590d\">Le principal obstacle \u00e0 la <strong>reproduction des saolas<\/strong> aujourd&#8217;hui n&#8217;est pas biologique, mais g\u00e9ographique. Ainsi, La fragmentation de leur habitat par les routes et l&#8217;agriculture isole les individus.<\/p>\n\n\n\n<ul class=\"wp-block-list\">\n<li><strong>Rencontres rares :<\/strong> Les m\u00e2les et les femelles peinent \u00e0 se retrouver dans des for\u00eats de plus en plus morcel\u00e9es.<\/li>\n\n\n\n<li><strong>Faible densit\u00e9 :<\/strong> Avec une population estim\u00e9e \u00e0 quelques dizaines d&#8217;individus seulement, les chances de reproduction naturelle diminuent chaque ann\u00e9e.<\/li>\n<\/ul>\n\n\n\n<h2 class=\"wp-block-heading\">Les m\u00e9canismes suppos\u00e9s de la reproduction chez le saola<\/h2>\n\n\n\n<p class=\"has-black-color has-text-color has-link-color wp-elements-d4144f07c21b13a6d3bf2c3b6267ef4a\">Bien que les donn\u00e9es soient rares, les scientifiques font des parall\u00e8les avec leurs cousins g\u00e9n\u00e9tiques pour comprendre le cycle de vie de l&#8217;animal.<\/p>\n\n\n\n<h3 class=\"wp-block-heading\">Saisonnalit\u00e9 et gestation<\/h3>\n\n\n\n<p class=\"has-black-color has-text-color has-link-color wp-elements-a94b950a1f3be959df82e8989d0f1506\">On suppose que la <strong>reproduction des saolas<\/strong> est \u00e9troitement li\u00e9e au calendrier des moussons.<\/p>\n\n\n\n<ul class=\"wp-block-list\">\n<li><strong>Cycle calqu\u00e9 sur le climat :<\/strong> Les naissances auraient lieu au d\u00e9but de la saison des pluies, assurant une nourriture abondante (jeunes pousses et plantes hydrat\u00e9es) pour la m\u00e8re et le petit.<\/li>\n\n\n\n<li><strong>Gestation longue :<\/strong> Comme chez la plupart des bovid\u00e9s de cette taille, la p\u00e9riode de gestation durerait environ 30 semaines.<\/li>\n<\/ul>\n\n\n\n<h3 class=\"wp-block-heading\">L&#8217;importance des glandes maxillaires<\/h3>\n\n\n\n<p class=\"has-black-color has-text-color has-link-color wp-elements-14903fca651d849f998b514fe50acfa4\">Le saola poss\u00e8de de grandes glandes odorantes sur le museau. Celles-ci jouent un r\u00f4le crucial dans la <strong>reproduction des saolas<\/strong> : elles servent \u00e0 marquer le territoire et \u00e0 signaler une disponibilit\u00e9 sexuelle aux partenaires potentiels \u00e0 travers la v\u00e9g\u00e9tation dense du Vietnam et du Laos.<\/p>\n\n\n\n<h2 class=\"wp-block-heading\">Les nouvelles technologies au secours de la &#8220;Licorne d&#8217;Asie&#8221;<\/h2>\n\n\n\n<p class=\"has-black-color has-text-color has-link-color wp-elements-3cb0334046ca0242f69a91f220c63f2b\">Puisqu&#8217;on ne peut pas observer la reproduction directement, la science utilise des m\u00e9thodes de pointe pour localiser les zones de mise bas prioritaires.<\/p>\n\n\n\n<ol start=\"1\" class=\"wp-block-list\">\n<li class=\"has-body-text-font-size\" style=\"margin-top:var(--wp--preset--spacing--20);margin-right:0;margin-bottom:var(--wp--preset--spacing--20);margin-left:0\"><strong>L&#8217;ADN environnemental (ADNe) :<\/strong> En analysant l&#8217;eau des rivi\u00e8res, les chercheurs peuvent d\u00e9tecter la pr\u00e9sence d&#8217;un couple dans une zone pr\u00e9cise sans les d\u00e9ranger.<\/li>\n\n\n\n<li class=\"has-body-text-font-size\" style=\"margin-top:var(--wp--preset--spacing--20);margin-right:0;margin-bottom:var(--wp--preset--spacing--20);margin-left:0\"><strong>Les pi\u00e8ges photographiques :<\/strong> Indispensables pour identifier les femelles avec des petits et comprendre la survie des jeunes apr\u00e8s la naissance.<\/li>\n\n\n\n<li class=\"has-body-text-font-size\" style=\"margin-top:var(--wp--preset--spacing--20);margin-bottom:var(--wp--preset--spacing--20)\"><strong>L&#8217;\u00e9levage conservatoire :<\/strong> Des centres sp\u00e9cialis\u00e9s se pr\u00e9parent \u00e0 accueillir des individus pour s\u00e9curiser la <strong>reproduction des saolas<\/strong> en milieu contr\u00f4l\u00e9, un dernier rempart avant l&#8217;extinction.<\/li>\n<\/ol>\n\n\n\n<div class=\"wp-block-media-text is-stacked-on-mobile\"><figure class=\"wp-block-media-text__media\"><img loading=\"lazy\" decoding=\"async\" width=\"1024\" height=\"1024\" src=\"https:\/\/toutsurlesaola.fr\/wp-content\/uploads\/2026\/02\/Saolas-dans-la-foret.png\" alt=\"\" class=\"wp-image-153 size-full\" srcset=\"https:\/\/toutsurlesaola.fr\/wp-content\/uploads\/2026\/02\/Saolas-dans-la-foret.png 1024w, https:\/\/toutsurlesaola.fr\/wp-content\/uploads\/2026\/02\/Saolas-dans-la-foret-300x300.png 300w, https:\/\/toutsurlesaola.fr\/wp-content\/uploads\/2026\/02\/Saolas-dans-la-foret-150x150.png 150w, https:\/\/toutsurlesaola.fr\/wp-content\/uploads\/2026\/02\/Saolas-dans-la-foret-768x768.png 768w\" sizes=\"auto, (max-width: 1024px) 100vw, 1024px\" \/><\/figure><div class=\"wp-block-media-text__content\">\n<p>Une femelle saola et son petit dans la for\u00eat primaire de la cha\u00eene Annamitique, symbole d&#8217;espoir pour la reproduction de l&#8217;esp\u00e8ce.<\/p>\n<\/div><\/div>\n\n\n\n<h2 class=\"wp-block-heading\">Un d\u00e9fi \u00e9cologique global<\/h2>\n\n\n\n<p class=\"has-black-color has-text-color has-link-color wp-elements-4bcc961904e33529770a58595b1f32df\">Prot\u00e9ger la <strong>reproduction des saolas<\/strong>, c&#8217;est prot\u00e9ger tout un \u00e9cosyst\u00e8me. La survie des petits d\u00e9pend directement de la qualit\u00e9 de la for\u00eat primaire. Le saola est class\u00e9 en danger critique par l&#8217;<strong><a href=\"https:\/\/www.iucnredlist.org\/fr\" target=\"_blank\" rel=\"noreferrer noopener\">UICN<\/a><\/strong>. La lutte contre les collets (pi\u00e8ges ill\u00e9gaux) et la d\u00e9forestation reste le seul moyen de garantir un sanctuaire o\u00f9 la vie peut \u00e0 nouveau prosp\u00e9rer.<\/p>\n\n\n\n<p><\/p>\n","protected":false},"excerpt":{"rendered":"<p>D\u00e9couvert tardivement en 1992, le saola (Pseudoryx nghetinhensis) reste l&#8217;une des cr\u00e9atures les plus \u00e9nigmatiques de notre plan\u00e8te. Surnomm\u00e9 la &#8220;licorne d&#8217;Asie&#8221; en raison de sa raret\u00e9 et de ses cornes spectaculaires, ce bovid\u00e9 fait face \u00e0 un risque d&#8217;extinction imminent. Au c\u0153ur des pr\u00e9occupations des biologistes, la reproduction des saolas est devenue le sujet [&hellip;]<\/p>\n","protected":false},"author":1,"featured_media":0,"parent":28,"menu_order":0,"comment_status":"closed","ping_status":"closed","template":"","meta":{"_monsterinsights_skip_tracking":false,"_monsterinsights_sitenote_active":false,"_monsterinsights_sitenote_note":"","_monsterinsights_sitenote_category":0,"footnotes":""},"class_list":["post-126","page","type-page","status-publish","hentry"],"yoast_head":"<!-- This site is optimized with the Yoast SEO plugin v27.2 - https:\/\/yoast.com\/product\/yoast-seo-wordpress\/ -->\n<title>Les myst\u00e8res de la reproduction des saolas : un secret de la nature - TOUT SUR LE SAOLA<\/title>\n<meta name=\"description\" content=\"Comment fonctionne la reproduction des saolas ? D\u00e9couvrez les myst\u00e8res de ce cycle de vie et les solutions pour \u00e9viter l&#039;extinction. Guide.\" \/>\n<meta name=\"robots\" content=\"index, follow, max-snippet:-1, max-image-preview:large, max-video-preview:-1\" \/>\n<link rel=\"canonical\" href=\"http:\/\/toutsurlesaola.fr\/index.php\/blog\/le-mystere-du-saola\/\" \/>\n<meta property=\"og:locale\" content=\"en_US\" \/>\n<meta property=\"og:type\" content=\"article\" \/>\n<meta property=\"og:title\" content=\"Les myst\u00e8res de la reproduction des saolas : un secret de la nature - TOUT SUR LE SAOLA\" \/>\n<meta property=\"og:description\" content=\"Comment fonctionne la reproduction des saolas ? D\u00e9couvrez les myst\u00e8res de ce cycle de vie et les solutions pour \u00e9viter l&#039;extinction. Guide.\" \/>\n<meta property=\"og:url\" content=\"http:\/\/toutsurlesaola.fr\/index.php\/blog\/le-mystere-du-saola\/\" \/>\n<meta property=\"og:site_name\" content=\"TOUT SUR LE SAOLA\" \/>\n<meta property=\"article:modified_time\" content=\"2026-03-30T19:44:54+00:00\" \/>\n<meta property=\"og:image\" content=\"https:\/\/toutsurlesaola.fr\/wp-content\/uploads\/2026\/02\/saolas-menace.jpg\" \/>\n<meta name=\"twitter:card\" content=\"summary_large_image\" \/>\n<meta name=\"twitter:label1\" content=\"Est. reading time\" \/>\n\t<meta name=\"twitter:data1\" content=\"3 minutes\" \/>\n<script type=\"application\/ld+json\" class=\"yoast-schema-graph\">{\"@context\":\"https:\/\/schema.org\",\"@graph\":[{\"@type\":\"WebPage\",\"@id\":\"http:\/\/toutsurlesaola.fr\/index.php\/blog\/le-mystere-du-saola\/\",\"url\":\"http:\/\/toutsurlesaola.fr\/index.php\/blog\/le-mystere-du-saola\/\",\"name\":\"Les myst\u00e8res de la reproduction des saolas : un secret de la nature - TOUT SUR LE SAOLA\",\"isPartOf\":{\"@id\":\"http:\/\/toutsurlesaola.fr\/#website\"},\"primaryImageOfPage\":{\"@id\":\"http:\/\/toutsurlesaola.fr\/index.php\/blog\/le-mystere-du-saola\/#primaryimage\"},\"image\":{\"@id\":\"http:\/\/toutsurlesaola.fr\/index.php\/blog\/le-mystere-du-saola\/#primaryimage\"},\"thumbnailUrl\":\"https:\/\/toutsurlesaola.fr\/wp-content\/uploads\/2026\/02\/saolas-menace.jpg\",\"datePublished\":\"2026-02-19T13:46:17+00:00\",\"dateModified\":\"2026-03-30T19:44:54+00:00\",\"description\":\"Comment fonctionne la reproduction des saolas ? D\u00e9couvrez les myst\u00e8res de ce cycle de vie et les solutions pour \u00e9viter l'extinction. Guide.\",\"breadcrumb\":{\"@id\":\"http:\/\/toutsurlesaola.fr\/index.php\/blog\/le-mystere-du-saola\/#breadcrumb\"},\"inLanguage\":\"en-US\",\"potentialAction\":[{\"@type\":\"ReadAction\",\"target\":[\"http:\/\/toutsurlesaola.fr\/index.php\/blog\/le-mystere-du-saola\/\"]}]},{\"@type\":\"ImageObject\",\"inLanguage\":\"en-US\",\"@id\":\"http:\/\/toutsurlesaola.fr\/index.php\/blog\/le-mystere-du-saola\/#primaryimage\",\"url\":\"https:\/\/toutsurlesaola.fr\/wp-content\/uploads\/2026\/02\/saolas-menace.jpg\",\"contentUrl\":\"https:\/\/toutsurlesaola.fr\/wp-content\/uploads\/2026\/02\/saolas-menace.jpg\",\"width\":626,\"height\":417},{\"@type\":\"BreadcrumbList\",\"@id\":\"http:\/\/toutsurlesaola.fr\/index.php\/blog\/le-mystere-du-saola\/#breadcrumb\",\"itemListElement\":[{\"@type\":\"ListItem\",\"position\":1,\"name\":\"Home\",\"item\":\"http:\/\/toutsurlesaola.fr\/\"},{\"@type\":\"ListItem\",\"position\":2,\"name\":\"BLOG\",\"item\":\"http:\/\/toutsurlesaola.fr\/index.php\/blog\/\"},{\"@type\":\"ListItem\",\"position\":3,\"name\":\"Les myst\u00e8res de la reproduction des saolas : un secret de la nature\"}]},{\"@type\":\"WebSite\",\"@id\":\"http:\/\/toutsurlesaola.fr\/#website\",\"url\":\"http:\/\/toutsurlesaola.fr\/\",\"name\":\"TOUT SUR LE SAOLA\",\"description\":\"\",\"publisher\":{\"@id\":\"http:\/\/toutsurlesaola.fr\/#organization\"},\"potentialAction\":[{\"@type\":\"SearchAction\",\"target\":{\"@type\":\"EntryPoint\",\"urlTemplate\":\"http:\/\/toutsurlesaola.fr\/?s={search_term_string}\"},\"query-input\":{\"@type\":\"PropertyValueSpecification\",\"valueRequired\":true,\"valueName\":\"search_term_string\"}}],\"inLanguage\":\"en-US\"},{\"@type\":\"Organization\",\"@id\":\"http:\/\/toutsurlesaola.fr\/#organization\",\"name\":\"D\u00e9couvre le mode de reproduction des saolas\",\"url\":\"http:\/\/toutsurlesaola.fr\/\",\"logo\":{\"@type\":\"ImageObject\",\"inLanguage\":\"en-US\",\"@id\":\"http:\/\/toutsurlesaola.fr\/#\/schema\/logo\/image\/\",\"url\":\"https:\/\/toutsurlesaola.fr\/wp-content\/uploads\/2026\/01\/Designer-1.png\",\"contentUrl\":\"https:\/\/toutsurlesaola.fr\/wp-content\/uploads\/2026\/01\/Designer-1.png\",\"width\":1024,\"height\":1024,\"caption\":\"D\u00e9couvre le mode de reproduction des saolas\"},\"image\":{\"@id\":\"http:\/\/toutsurlesaola.fr\/#\/schema\/logo\/image\/\"}}]}<\/script>\n<!-- \/ Yoast SEO plugin. -->","yoast_head_json":{"title":"Les myst\u00e8res de la reproduction des saolas : un secret de la nature - TOUT SUR LE SAOLA","description":"Comment fonctionne la reproduction des saolas ? D\u00e9couvrez les myst\u00e8res de ce cycle de vie et les solutions pour \u00e9viter l'extinction. Guide.","robots":{"index":"index","follow":"follow","max-snippet":"max-snippet:-1","max-image-preview":"max-image-preview:large","max-video-preview":"max-video-preview:-1"},"canonical":"http:\/\/toutsurlesaola.fr\/index.php\/blog\/le-mystere-du-saola\/","og_locale":"en_US","og_type":"article","og_title":"Les myst\u00e8res de la reproduction des saolas : un secret de la nature - TOUT SUR LE SAOLA","og_description":"Comment fonctionne la reproduction des saolas ? D\u00e9couvrez les myst\u00e8res de ce cycle de vie et les solutions pour \u00e9viter l'extinction. Guide.","og_url":"http:\/\/toutsurlesaola.fr\/index.php\/blog\/le-mystere-du-saola\/","og_site_name":"TOUT SUR LE SAOLA","article_modified_time":"2026-03-30T19:44:54+00:00","og_image":[{"url":"https:\/\/toutsurlesaola.fr\/wp-content\/uploads\/2026\/02\/saolas-menace.jpg","type":"","width":"","height":""}],"twitter_card":"summary_large_image","twitter_misc":{"Est. reading time":"3 minutes"},"schema":{"@context":"https:\/\/schema.org","@graph":[{"@type":"WebPage","@id":"http:\/\/toutsurlesaola.fr\/index.php\/blog\/le-mystere-du-saola\/","url":"http:\/\/toutsurlesaola.fr\/index.php\/blog\/le-mystere-du-saola\/","name":"Les myst\u00e8res de la reproduction des saolas : un secret de la nature - TOUT SUR LE SAOLA","isPartOf":{"@id":"http:\/\/toutsurlesaola.fr\/#website"},"primaryImageOfPage":{"@id":"http:\/\/toutsurlesaola.fr\/index.php\/blog\/le-mystere-du-saola\/#primaryimage"},"image":{"@id":"http:\/\/toutsurlesaola.fr\/index.php\/blog\/le-mystere-du-saola\/#primaryimage"},"thumbnailUrl":"https:\/\/toutsurlesaola.fr\/wp-content\/uploads\/2026\/02\/saolas-menace.jpg","datePublished":"2026-02-19T13:46:17+00:00","dateModified":"2026-03-30T19:44:54+00:00","description":"Comment fonctionne la reproduction des saolas ? D\u00e9couvrez les myst\u00e8res de ce cycle de vie et les solutions pour \u00e9viter l'extinction. Guide.","breadcrumb":{"@id":"http:\/\/toutsurlesaola.fr\/index.php\/blog\/le-mystere-du-saola\/#breadcrumb"},"inLanguage":"en-US","potentialAction":[{"@type":"ReadAction","target":["http:\/\/toutsurlesaola.fr\/index.php\/blog\/le-mystere-du-saola\/"]}]},{"@type":"ImageObject","inLanguage":"en-US","@id":"http:\/\/toutsurlesaola.fr\/index.php\/blog\/le-mystere-du-saola\/#primaryimage","url":"https:\/\/toutsurlesaola.fr\/wp-content\/uploads\/2026\/02\/saolas-menace.jpg","contentUrl":"https:\/\/toutsurlesaola.fr\/wp-content\/uploads\/2026\/02\/saolas-menace.jpg","width":626,"height":417},{"@type":"BreadcrumbList","@id":"http:\/\/toutsurlesaola.fr\/index.php\/blog\/le-mystere-du-saola\/#breadcrumb","itemListElement":[{"@type":"ListItem","position":1,"name":"Home","item":"http:\/\/toutsurlesaola.fr\/"},{"@type":"ListItem","position":2,"name":"BLOG","item":"http:\/\/toutsurlesaola.fr\/index.php\/blog\/"},{"@type":"ListItem","position":3,"name":"Les myst\u00e8res de la reproduction des saolas : un secret de la nature"}]},{"@type":"WebSite","@id":"http:\/\/toutsurlesaola.fr\/#website","url":"http:\/\/toutsurlesaola.fr\/","name":"TOUT SUR LE SAOLA","description":"","publisher":{"@id":"http:\/\/toutsurlesaola.fr\/#organization"},"potentialAction":[{"@type":"SearchAction","target":{"@type":"EntryPoint","urlTemplate":"http:\/\/toutsurlesaola.fr\/?s={search_term_string}"},"query-input":{"@type":"PropertyValueSpecification","valueRequired":true,"valueName":"search_term_string"}}],"inLanguage":"en-US"},{"@type":"Organization","@id":"http:\/\/toutsurlesaola.fr\/#organization","name":"D\u00e9couvre le mode de reproduction des saolas","url":"http:\/\/toutsurlesaola.fr\/","logo":{"@type":"ImageObject","inLanguage":"en-US","@id":"http:\/\/toutsurlesaola.fr\/#\/schema\/logo\/image\/","url":"https:\/\/toutsurlesaola.fr\/wp-content\/uploads\/2026\/01\/Designer-1.png","contentUrl":"https:\/\/toutsurlesaola.fr\/wp-content\/uploads\/2026\/01\/Designer-1.png","width":1024,"height":1024,"caption":"D\u00e9couvre le mode de reproduction des saolas"},"image":{"@id":"http:\/\/toutsurlesaola.fr\/#\/schema\/logo\/image\/"}}]}},"_links":{"self":[{"href":"https:\/\/toutsurlesaola.fr\/index.php\/wp-json\/wp\/v2\/pages\/126","targetHints":{"allow":["GET"]}}],"collection":[{"href":"https:\/\/toutsurlesaola.fr\/index.php\/wp-json\/wp\/v2\/pages"}],"about":[{"href":"https:\/\/toutsurlesaola.fr\/index.php\/wp-json\/wp\/v2\/types\/page"}],"author":[{"embeddable":true,"href":"https:\/\/toutsurlesaola.fr\/index.php\/wp-json\/wp\/v2\/users\/1"}],"replies":[{"embeddable":true,"href":"https:\/\/toutsurlesaola.fr\/index.php\/wp-json\/wp\/v2\/comments?post=126"}],"version-history":[{"count":6,"href":"https:\/\/toutsurlesaola.fr\/index.php\/wp-json\/wp\/v2\/pages\/126\/revisions"}],"predecessor-version":[{"id":286,"href":"https:\/\/toutsurlesaola.fr\/index.php\/wp-json\/wp\/v2\/pages\/126\/revisions\/286"}],"up":[{"embeddable":true,"href":"https:\/\/toutsurlesaola.fr\/index.php\/wp-json\/wp\/v2\/pages\/28"}],"wp:attachment":[{"href":"https:\/\/toutsurlesaola.fr\/index.php\/wp-json\/wp\/v2\/media?parent=126"}],"curies":[{"name":"wp","href":"https:\/\/api.w.org\/{rel}","templated":true}]}}